{"id":10238,"date":"2024-09-04T22:57:20","date_gmt":"2024-09-04T20:57:20","guid":{"rendered":"https:\/\/mr-antoine.fr\/?page_id=10238"},"modified":"2024-09-05T21:57:03","modified_gmt":"2024-09-05T19:57:03","slug":"reflexologie-auriculaire-et-laser-a-enghien-les-bains-val-doise-arretez-le-tabac-lalcool-et-le-sucre-avec-des-solutions-naturelles","status":"publish","type":"page","link":"https:\/\/mr-antoine.fr\/index.php\/reflexologie-auriculaire-et-laser-a-enghien-les-bains-val-doise-arretez-le-tabac-lalcool-et-le-sucre-avec-des-solutions-naturelles\/","title":{"rendered":"R\u00e9flexologie Auriculaire et Laser \u00e0 Enghien-les-Bains (Val d&rsquo;Oise) \u2013 Arr\u00eatez le Tabac, l&rsquo;Alcool et le Sucre avec des Solutions Naturelles"},"content":{"rendered":"\r\n<div id=\"attachment_10303\" style=\"width: 310px\" class=\"wp-caption alignnone\"><img fetchpriority=\"high\" decoding=\"async\" aria-describedby=\"caption-attachment-10303\" class=\"size-medium wp-image-10303\" src=\"http:\/\/mr-antoine.fr\/wp-content\/uploads\/2024\/09\/Enghien-les-bains-laser-tabac-300x201.jpg\" alt=\"Vue d\u2019Enghien-les-Bains avec son lac, ses thermes et ses b\u00e2timents \u00e9l\u00e9gants, illustrant le caract\u00e8re chic et relaxant de la ville.\" width=\"300\" height=\"201\" srcset=\"https:\/\/mr-antoine.fr\/wp-content\/uploads\/2024\/09\/Enghien-les-bains-laser-tabac-300x201.jpg 300w, https:\/\/mr-antoine.fr\/wp-content\/uploads\/2024\/09\/Enghien-les-bains-laser-tabac.jpg 700w\" sizes=\"(max-width: 300px) 100vw, 300px\" \/><p id=\"caption-attachment-10303\" class=\"wp-caption-text\"><strong>Enghien-les-Bains<\/strong> : La <strong>station thermale<\/strong> \u00e9l\u00e9gante et relaxante du <strong>Val d\u2019Oise<\/strong>. L&rsquo;id\u00e9al pour se relaxer avant et apr\u00e8s une <strong>s\u00e9ance de r\u00e9flexologie auriculaire<\/strong><\/p><\/div>\r\n<h2 class=\"wp-block-heading\">R\u00e9flexologie Auriculaire et Laser \u00e0 Enghien-les-Bains (Val d&rsquo;Oise) \u2013 Arr\u00eatez le Tabac, l&rsquo;Alcool et le Sucre avec des Solutions Naturelles<\/h2>\r\n\r\n\r\n\r\n<p>&nbsp;<\/p>\r\n<p><strong>Bienvenue chez Monsieur Antoine, votre r\u00e9flexologue auriculaire \u00e0 Enghien-les-Bains, dans le Val d\u2019Oise.<\/strong> Je propose des solutions naturelles pour l\u2019<a href=\"https:\/\/mr-antoine.fr\/index.php\/2024\/08\/23\/larret-du-tabac-de-20-minutes-a-20-ans\/\"><strong>arr\u00eat du tabac<\/strong><\/a> et la gestion des addictions \u00e0 l\u2019<a href=\"https:\/\/mr-antoine.fr\/index.php\/2024\/08\/08\/les-effets-de-larret-de-lalcool-une-vie-transformee-et-des-conseils-pour-le-sevrage\/\"><strong>alcool<\/strong><\/a> et au <a href=\"https:\/\/mr-antoine.fr\/index.php\/2024\/08\/19\/manger-moins-de-sucre-les-benefices-pour-la-sante-et-le-bien-etre\/\"><strong>sucre<\/strong><\/a> gr\u00e2ce \u00e0 la <a href=\"https:\/\/mr-antoine.fr\/index.php\/2024\/08\/14\/lauriculotherapie-pour-traiter-addictions-et-douleurs\/\"><strong>r\u00e9flexologie auriculaire et au laser.<\/strong><\/a><\/p>\r\n<p>&nbsp;<\/p>\r\n\r\n\r\n\r\n<h3 class=\"wp-block-heading\">Enghien-les-Bains : Une Ville Thermale et Dynamique<\/h3>\r\n\r\n\r\n\r\n<p><strong>Enghien-les-Bains<\/strong> est la seule <strong>station thermale d\u2019\u00cele-de-France<\/strong>, r\u00e9put\u00e9e pour son <strong>lac<\/strong>, ses<strong> thermes<\/strong> et son <strong>casino<\/strong>. Cette ville offre un cadre \u00e9l\u00e9gant et apaisant, id\u00e9al pour ceux qui cherchent \u00e0 am\u00e9liorer leur <strong>bien-\u00eatre<\/strong>. Mon activit\u00e9 de <strong>r\u00e9flexologue<\/strong> \u00e0 <strong>Enghien-les-Bains<\/strong> s\u2019inscrit dans ce contexte de d\u00e9tente et de soin, offrant un espace calme et professionnel pour accompagner les habitants dans leur d\u00e9marche de <a href=\"https:\/\/mr-antoine.fr\/index.php\/2024\/08\/29\/comment-maintenir-la-motivation-apres-un-sevrage-astuces-et-conseils-pratiques\/\"><strong>sevrage des d\u00e9pendances<\/strong><\/a>.<\/p>\r\n<p>&nbsp;<\/p>\r\n\r\n\r\n\r\n<h3 class=\"wp-block-heading\">Arr\u00eat du Tabac, de l&rsquo;Alcool et du Sucre \u00e0 Enghien-les-Bains<\/h3>\r\n\r\n\r\n\r\n<p><strong>\u00c0 Enghien-les-Bains<\/strong>, je propose des <strong>s\u00e9ances \u00e0 domicile<\/strong> adapt\u00e9es pour :<\/p>\r\n\r\n\r\n\r\n<ul class=\"wp-block-list\">\r\n<li><strong>Arr\u00eat du Tabac<\/strong> : La <strong>r\u00e9flexologie auriculaire<\/strong> et le<strong> laser tabac<\/strong> sont des <strong>m\u00e9thodes douces<\/strong> et naturelles qui aident \u00e0 r\u00e9duire les<a href=\"https:\/\/mr-antoine.fr\/index.php\/2024\/09\/03\/adieu-nicotine-le-guide-ultime-pour-arreter-de-fumer-definitivement\/\"><strong> envies de fumer<\/strong><\/a> et \u00e0 surmonter les <strong>sympt\u00f4mes de sevrage<\/strong>.<\/li>\r\n\r\n\r\n\r\n<li><strong>Gestion de l&rsquo;Alcool<\/strong> : Pour ceux qui souhaitent diminuer leur consommation <a href=\"https:\/\/mr-antoine.fr\/index.php\/2024\/09\/03\/sobriete-mentale-le-guide-essentiel-pour-reduire-votre-consommation-dalcool\/\"><strong>d\u2019alcool,<\/strong><\/a> la<strong> r\u00e9flexologie auriculaire<\/strong> offre un soutien efficace pour r\u00e9duire les envies et g\u00e9rer le <strong>stress associ\u00e9 au sevrage<\/strong>.<\/li>\r\n\r\n\r\n\r\n<li><strong>R\u00e9duction des Envies de Sucre<\/strong> : Les envies de<a href=\"https:\/\/mr-antoine.fr\/index.php\/2024\/09\/03\/liberez-vous-du-sucre-le-guide-pratique-pour-transformer-votre-vie\/\"><strong> sucre<\/strong> <\/a>peuvent \u00eatre contr\u00f4l\u00e9es avec la <strong>r\u00e9flexologie auriculaire<\/strong>, qui aide \u00e0 r\u00e9duire les <strong>compulsions alimentaires<\/strong> et \u00e0 adopter une <strong>alimentation plus saine<\/strong>.<\/li>\r\n<\/ul>\r\n\r\n\r\n\r\n<h3 class=\"wp-block-heading\">\u00a0<\/h3>\r\n<h3 class=\"wp-block-heading\">D\u00e9couvrir Enghien-les-Bains<\/h3>\r\n\r\n\r\n\r\n<p><strong>Enghien-les-Bains<\/strong> est un v\u00e9ritable havre de paix avec <strong>son lac bord\u00e9 de promenades<\/strong>, ses jardins et<strong> ses thermes<\/strong>. Apr\u00e8s une <strong>s\u00e9ance de r\u00e9flexologie<\/strong>, vous pouvez prolonger la d\u00e9tente en explorant les environs, en profitant des <strong>installations thermales<\/strong> ou en vous promenant dans le centre-ville anim\u00e9 avec ses nombreux commerces et restaurants.<\/p>\r\n\r\n\r\n\r\n<p><strong>Le tour du lac est facilement accessible depuis les diff\u00e9rentes parties d\u2019Enghien-les-Bains, avec des options de stationnement \u00e0 proximit\u00e9, ainsi qu\u2019un acc\u00e8s pratique depuis les communes voisines telles que <a href=\"https:\/\/mr-antoine.fr\/index.php\/reflexologie-auriculaire-et-laser-a-le-plessis-bouchard-val-doise-arretez-le-tabac-lalcool-et-le-sucre-naturellement\/\">le Plessis-Bouchard<\/a>, <a href=\"https:\/\/mr-antoine.fr\/index.php\/reflexologie-auriculaire-et-laser-a-beauchamp-val-doise-arretez-le-tabac-lalcool-et-le-sucre-naturellement\/\">Beauchamp<\/a>, <a href=\"https:\/\/mr-antoine.fr\/index.php\/reflexologie-auriculaire-et-laser-a-sannois-val-doise-arretez-le-tabac-lalcool-et-le-sucre-naturellement\/\">Sannois<\/a>, <a href=\"https:\/\/mr-antoine.fr\/index.php\/reflexologie-auriculaire-et-laser-a-herblay-sur-seine-val-doise-liberez-vous-du-tabac-de-lalcool-et-du-sucre\/\">Herblay<\/a>, <a href=\"https:\/\/mr-antoine.fr\/index.php\/reflexologie-auriculaire-et-laser-a-cormeilles-en-parisis-val-doise-arretez-le-tabac-lalcool-et-le-sucre-naturellement\/\">Cormeilles-en-Parisis<\/a>, <a href=\"https:\/\/mr-antoine.fr\/index.php\/reflexologie-auriculaire-et-laser-a-montigny-les-cormeilles-val-doise-solutions-naturelles-pour-arreter-le-tabac-lalcool-et-le-sucre\/\">Montigny-l\u00e8s-Cormeilles<\/a>, <a href=\"https:\/\/mr-antoine.fr\/index.php\/reflexologie-auriculaire-et-laser-a-pierrelaye-val-doise-arretez-le-tabac-lalcool-et-le-sucre-avec-des-solutions-naturelles\/\">Pierrelaye<\/a>, <a href=\"https:\/\/mr-antoine.fr\/index.php\/reflexologie-auriculaire-et-laser-a-saint-prix-val-doise-arretez-le-tabac-lalcool-et-le-sucre-naturellement\/\">Saint-Prix<\/a>, <a href=\"https:\/\/mr-antoine.fr\/index.php\/reflexologie-auriculaire-et-laser-a-saint-leu-la-foret-val-doise-arretez-le-tabac-lalcool-et-le-sucre-avec-des-solutions-naturelles\/\">Saint-Leu-la-For\u00eat,<\/a> <a href=\"https:\/\/mr-antoine.fr\/index.php\/reflexologie-auriculaire-et-laser-a-taverny-val-doise-arretez-le-tabac-lalcool-et-le-sucre-naturellement\/\">Taverny<\/a>, <a href=\"https:\/\/mr-antoine.fr\/index.php\/reflexologie-auriculaire-et-laser-a-franconville-val-doise-arret-du-tabac-de-lalcool-et-du-sucre\/\">Franconville<\/a>, <a href=\"https:\/\/mr-antoine.fr\/index.php\/reflexologie-auriculaire-et-laser-a-eaubonne-val-doise-solutions-naturelles-pour-arreter-le-tabac-lalcool-et-le-sucre\/\">Eaubonne<\/a>, <a href=\"https:\/\/mr-antoine.fr\/index.php\/reflexologie-auriculaire-et-laser-a-ermont-val-doise-arretez-le-tabac-lalcool-et-le-sucre-avec-des-solutions-naturelles\/\">Ermont<\/a>, <a href=\"https:\/\/mr-antoine.fr\/index.php\/reflexologie-auriculaire-et-laser-a-la-frette-sur-seine-val-doise-arretez-le-tabac-lalcool-et-le-sucre-avec-des-solutions-naturelles\/\">la-Frette-sur-Seine<\/a>, <a href=\"https:\/\/mr-antoine.fr\/index.php\/reflexologie-auriculaire-et-laser-a-saint-gratien-val-doise-solutions-naturelles-pour-arreter-le-tabac-lalcool-et-le-sucre\/\">Saint-Gratien<\/a>, <a href=\"https:\/\/mr-antoine.fr\/index.php\/reflexologie-auriculaire-et-laser-a-montmorency-val-doise-arretez-le-tabac-lalcool-et-le-sucre-naturellement\/\">Montmorency<\/a><\/strong><\/p>\r\n\r\n\r\n\r\n<h4 class=\"wp-block-heading\">\u00a0<\/h4>\r\n<h3 class=\"wp-block-heading\">Prenez Rendez-Vous \u00e0 Enghien-les-Bains<\/h3>\r\n\r\n\r\n\r\n<p>Pr\u00eat \u00e0 entreprendre votre parcours vers une <strong>vie sans d\u00e9pendances<\/strong> ? <a href=\"http:\/\/www.mr-antoine.fr\"><strong>Contactez-moi<\/strong><\/a> d\u00e8s aujourd&rsquo;hui sur mon site <em>(par mail)<\/em>, via les r\u00e9seaux sociaux en DM ou sur WhatsApp au 07.75.77.32.52 pour planifier votre premi\u00e8re <strong>s\u00e9ance de r\u00e9flexologie auriculaire<\/strong> ou de <strong>laser \u00e0 Enghien-les-Bains<\/strong>. Ensemble, nous \u00e9laborerons un programme personnalis\u00e9 pour vous aider \u00e0 <strong>en finir avec le tabac, l&rsquo;alcool ou le sucre.<\/strong><\/p>\r\n<p>&nbsp;<\/p>\r\n<div id=\"attachment_10162\" style=\"width: 201px\" class=\"wp-caption alignnone\"><a href=\"https:\/\/amzn.to\/3XrbEI8\"><img decoding=\"async\" aria-describedby=\"caption-attachment-10162\" class=\"size-medium wp-image-10162\" src=\"http:\/\/mr-antoine.fr\/wp-content\/uploads\/2024\/09\/Couverture-Ebook-Adieu-Nicotine-191x300.jpg\" alt=\"Couverture de l'e-book Adieu Nicotine : Votre guide pour cesser de fumer d\u00e9finitivement - Monsieur Antoine\" width=\"191\" height=\"300\" srcset=\"https:\/\/mr-antoine.fr\/wp-content\/uploads\/2024\/09\/Couverture-Ebook-Adieu-Nicotine-191x300.jpg 191w, https:\/\/mr-antoine.fr\/wp-content\/uploads\/2024\/09\/Couverture-Ebook-Adieu-Nicotine-651x1024.jpg 651w, https:\/\/mr-antoine.fr\/wp-content\/uploads\/2024\/09\/Couverture-Ebook-Adieu-Nicotine-768x1209.jpg 768w, https:\/\/mr-antoine.fr\/wp-content\/uploads\/2024\/09\/Couverture-Ebook-Adieu-Nicotine-976x1536.jpg 976w, https:\/\/mr-antoine.fr\/wp-content\/uploads\/2024\/09\/Couverture-Ebook-Adieu-Nicotine-900x1416.jpg 900w, https:\/\/mr-antoine.fr\/wp-content\/uploads\/2024\/09\/Couverture-Ebook-Adieu-Nicotine.jpg 1058w\" sizes=\"(max-width: 191px) 100vw, 191px\" \/><\/a><p id=\"caption-attachment-10162\" class=\"wp-caption-text\">Lib\u00e9rez-vous du Tabac avec l&rsquo;e-book de Monsieur Antoine : D\u00e9couvrez des techniques naturelles pour arr\u00eater de fumer gr\u00e2ce \u00e0 l&rsquo;auto-hypnose et \u00e0 la r\u00e9flexologie auriculaire. <a href=\"https:\/\/amzn.to\/3XrbEI8\">Achetez maintenant sur Amazon<\/a><\/p><\/div>\r\n<div id=\"attachment_10163\" style=\"width: 201px\" class=\"wp-caption alignnone\"><a href=\"https:\/\/amzn.to\/475Nwhv\"><img decoding=\"async\" aria-describedby=\"caption-attachment-10163\" class=\"size-medium wp-image-10163\" src=\"http:\/\/mr-antoine.fr\/wp-content\/uploads\/2024\/09\/Couverture-Ebook-Sobriete-Mentale-191x300.jpg\" alt=\"Couverture de l'e-book Sobri\u00e9t\u00e9 Mentale : Se passer d'Alcool gr\u00e2ce \u00e0 l'Auto-Hypnose et au Laser - Monsieur Antoine\" width=\"191\" height=\"300\" srcset=\"https:\/\/mr-antoine.fr\/wp-content\/uploads\/2024\/09\/Couverture-Ebook-Sobriete-Mentale-191x300.jpg 191w, https:\/\/mr-antoine.fr\/wp-content\/uploads\/2024\/09\/Couverture-Ebook-Sobriete-Mentale-651x1024.jpg 651w, https:\/\/mr-antoine.fr\/wp-content\/uploads\/2024\/09\/Couverture-Ebook-Sobriete-Mentale-768x1208.jpg 768w, https:\/\/mr-antoine.fr\/wp-content\/uploads\/2024\/09\/Couverture-Ebook-Sobriete-Mentale-976x1536.jpg 976w, https:\/\/mr-antoine.fr\/wp-content\/uploads\/2024\/09\/Couverture-Ebook-Sobriete-Mentale-900x1416.jpg 900w, https:\/\/mr-antoine.fr\/wp-content\/uploads\/2024\/09\/Couverture-Ebook-Sobriete-Mentale.jpg 1055w\" sizes=\"(max-width: 191px) 100vw, 191px\" \/><\/a><p id=\"caption-attachment-10163\" class=\"wp-caption-text\">Sobri\u00e9t\u00e9 Mentale avec l&rsquo;e-book de Monsieur Antoine : Apprenez \u00e0 r\u00e9duire votre consommation d&rsquo;alcool gr\u00e2ce \u00e0 des techniques d&rsquo;auto-hypnose et au laser. <a href=\"https:\/\/amzn.to\/475Nwhv\">Achetez maintenant sur Amazon<\/a><\/p><\/div>\r\n<div id=\"attachment_10169\" style=\"width: 202px\" class=\"wp-caption alignnone\"><a href=\"https:\/\/amzn.to\/3Z6nTLm\"><img loading=\"lazy\" decoding=\"async\" aria-describedby=\"caption-attachment-10169\" class=\"size-medium wp-image-10169\" src=\"http:\/\/mr-antoine.fr\/wp-content\/uploads\/2024\/09\/Couverture-ebook-liberez-vous-du-sucre-192x300.png\" alt=\"Couverture de l'e-book Lib\u00e9rez-vous du Sucre : Transformez votre Vie avec l'Auto-Hypnose et le Laser - Monsieur Antoine\" width=\"192\" height=\"300\" srcset=\"https:\/\/mr-antoine.fr\/wp-content\/uploads\/2024\/09\/Couverture-ebook-liberez-vous-du-sucre-192x300.png 192w, https:\/\/mr-antoine.fr\/wp-content\/uploads\/2024\/09\/Couverture-ebook-liberez-vous-du-sucre.png 512w\" sizes=\"(max-width: 192px) 100vw, 192px\" \/><\/a><p id=\"caption-attachment-10169\" class=\"wp-caption-text\">Lib\u00e9rez-vous du Sucre avec l&rsquo;e-book de Monsieur Antoine : D\u00e9couvrez comment r\u00e9duire votre consommation de sucre gr\u00e2ce \u00e0 l&rsquo;auto-hypnose et au laser. Achetez maintenant sur Amazon<\/p><\/div>\r\n","protected":false},"excerpt":{"rendered":"<p>R\u00e9flexologie Auriculaire et Laser \u00e0 Enghien-les-Bains (Val d&rsquo;Oise) \u2013 Arr\u00eatez le Tabac, l&rsquo;Alcool et le Sucre avec des Solutions Naturelles &nbsp; Bienvenue chez Monsieur Antoine, votre r\u00e9flexologue auriculaire \u00e0 Enghien-les-Bains, dans le Val d\u2019Oise. Je propose des solutions naturelles pour l\u2019arr\u00eat du tabac et la gestion des addictions \u00e0 l\u2019alcool et au sucre gr\u00e2ce \u00e0&hellip;<\/p>\n","protected":false},"author":1,"featured_media":10303,"parent":0,"menu_order":0,"comment_status":"closed","ping_status":"closed","template":"","meta":{"om_disable_all_campaigns":false,"_monsterinsights_skip_tracking":false,"_monsterinsights_sitenote_active":false,"_monsterinsights_sitenote_note":"","_monsterinsights_sitenote_category":0,"_uf_show_specific_survey":0,"_uf_disable_surveys":false,"footnotes":""},"class_list":["post-10238","page","type-page","status-publish","has-post-thumbnail","hentry","description-off"],"aioseo_notices":[],"jetpack_sharing_enabled":true,"_links":{"self":[{"href":"https:\/\/mr-antoine.fr\/index.php\/wp-json\/wp\/v2\/pages\/10238","targetHints":{"allow":["GET"]}}],"collection":[{"href":"https:\/\/mr-antoine.fr\/index.php\/wp-json\/wp\/v2\/pages"}],"about":[{"href":"https:\/\/mr-antoine.fr\/index.php\/wp-json\/wp\/v2\/types\/page"}],"author":[{"embeddable":true,"href":"https:\/\/mr-antoine.fr\/index.php\/wp-json\/wp\/v2\/users\/1"}],"replies":[{"embeddable":true,"href":"https:\/\/mr-antoine.fr\/index.php\/wp-json\/wp\/v2\/comments?post=10238"}],"version-history":[{"count":4,"href":"https:\/\/mr-antoine.fr\/index.php\/wp-json\/wp\/v2\/pages\/10238\/revisions"}],"predecessor-version":[{"id":10354,"href":"https:\/\/mr-antoine.fr\/index.php\/wp-json\/wp\/v2\/pages\/10238\/revisions\/10354"}],"wp:featuredmedia":[{"embeddable":true,"href":"https:\/\/mr-antoine.fr\/index.php\/wp-json\/wp\/v2\/media\/10303"}],"wp:attachment":[{"href":"https:\/\/mr-antoine.fr\/index.php\/wp-json\/wp\/v2\/media?parent=10238"}],"curies":[{"name":"wp","href":"https:\/\/api.w.org\/{rel}","templated":true}]}}