{"id":10235,"date":"2024-09-04T22:52:16","date_gmt":"2024-09-04T20:52:16","guid":{"rendered":"https:\/\/mr-antoine.fr\/?page_id=10235"},"modified":"2024-09-05T22:35:44","modified_gmt":"2024-09-05T20:35:44","slug":"reflexologie-auriculaire-et-laser-a-taverny-val-doise-arretez-le-tabac-lalcool-et-le-sucre-naturellement","status":"publish","type":"page","link":"https:\/\/mr-antoine.fr\/index.php\/reflexologie-auriculaire-et-laser-a-taverny-val-doise-arretez-le-tabac-lalcool-et-le-sucre-naturellement\/","title":{"rendered":"R\u00e9flexologie Auriculaire et Laser \u00e0 Taverny (Val d&rsquo;Oise) \u2013 Arr\u00eatez le Tabac, l&rsquo;Alcool et le Sucre Naturellement"},"content":{"rendered":"\r\n<div id=\"attachment_10330\" style=\"width: 310px\" class=\"wp-caption alignnone\"><img fetchpriority=\"high\" decoding=\"async\" aria-describedby=\"caption-attachment-10330\" class=\"size-medium wp-image-10330\" src=\"http:\/\/mr-antoine.fr\/wp-content\/uploads\/2024\/09\/Taverny-Laser-Tabac-300x213.jpg\" alt=\"ue de Taverny avec ses espaces verts, b\u00e2timents modernes et la for\u00eat de Montmorency plus loin, illustrant le dynamisme et la verdure de la ville\" width=\"300\" height=\"213\" srcset=\"https:\/\/mr-antoine.fr\/wp-content\/uploads\/2024\/09\/Taverny-Laser-Tabac-300x213.jpg 300w, https:\/\/mr-antoine.fr\/wp-content\/uploads\/2024\/09\/Taverny-Laser-Tabac.jpg 750w\" sizes=\"(max-width: 300px) 100vw, 300px\" \/><p id=\"caption-attachment-10330\" class=\"wp-caption-text\"><strong>Taverny<\/strong> : Une ville dynamique aux portes de la<strong> for\u00eat de Montmorency.<\/strong> L&rsquo;id\u00e9al avant ou apr\u00e8s une <strong>s\u00e9ance de r\u00e9flexologie auriculaire avec Monsieur Antoine<\/strong><\/p><\/div>\r\n<h2 class=\"wp-block-heading\">R\u00e9flexologie Auriculaire et Laser \u00e0 Taverny (Val d&rsquo;Oise) \u2013 Arr\u00eatez le Tabac, l&rsquo;Alcool et le Sucre Naturellement<\/h2>\r\n\r\n\r\n\r\n<p><strong>Bienvenue chez Monsieur Antoine, votre r\u00e9flexologue auriculaire \u00e0 Taverny, dans le Val d\u2019Oise.<\/strong> Je suis sp\u00e9cialis\u00e9 dans l\u2019accompagnement pour l\u2019<a href=\"https:\/\/mr-antoine.fr\/index.php\/2024\/08\/23\/larret-du-tabac-de-20-minutes-a-20-ans\/\"><strong>arr\u00eat du tabac<\/strong><\/a> et la gestion des <strong>addictions<\/strong> \u00e0 l\u2019<a href=\"https:\/\/mr-antoine.fr\/index.php\/2024\/08\/08\/les-effets-de-larret-de-lalcool-une-vie-transformee-et-des-conseils-pour-le-sevrage\/\"><strong>alcool<\/strong> <\/a>et au <a href=\"https:\/\/mr-antoine.fr\/index.php\/2024\/08\/19\/manger-moins-de-sucre-les-benefices-pour-la-sante-et-le-bien-etre\/\"><strong>sucre<\/strong><\/a>, en utilisant des m\u00e9thodes naturelles comme la <a href=\"https:\/\/mr-antoine.fr\/index.php\/2024\/08\/23\/reflexologie-auriculaire-et-laser-un-duo-efficace-pour-le-soulagement-des-douleurs\/\"><strong>r\u00e9flexologie auriculaire et le laser<\/strong><\/a>.<\/p>\r\n\r\n\r\n\r\n<h4 class=\"wp-block-heading\">\u00a0<\/h4>\r\n<h3 class=\"wp-block-heading\">Taverny : Une Ville Vivante et Proche de la Nature<\/h3>\r\n\r\n\r\n\r\n<p><strong>Taverny<\/strong>, situ\u00e9e au pied de la <strong>for\u00eat de Montmorency<\/strong>, est une ville dynamique du <strong>Val d\u2019Oise<\/strong> qui allie modernit\u00e9 et nature. Avec ses nombreux parcs, comme le parc <strong>Fran\u00e7ois Mitterrand<\/strong> et les bois environnants, <strong>Taverny<\/strong> offre un cadre de vie agr\u00e9able et propice au bien-\u00eatre, sans oublier, plus r\u00e9cemment, l&rsquo;ouverture de <strong>l&rsquo;Aquaval Alice-Milliat, superbe piscine olympique de l&rsquo;agglo Val Parisis<\/strong>. Mon activit\u00e9 de<strong> r\u00e9flexologie \u00e0 Taverny<\/strong> est parfaitement situ\u00e9e pour accueillir les habitants cherchant \u00e0 <a href=\"https:\/\/mr-antoine.fr\/index.php\/2024\/08\/14\/lauriculotherapie-pour-traiter-addictions-et-douleurs\/\"><strong>se lib\u00e9rer des addictions<\/strong><\/a> dans un environnement apaisant.<\/p>\r\n\r\n\r\n\r\n<h3 class=\"wp-block-heading\">\u00a0<\/h3>\r\n<h3 class=\"wp-block-heading\">Arr\u00eat du Tabac, de l&rsquo;Alcool et du Sucre \u00e0 Taverny<\/h3>\r\n\r\n\r\n\r\n<p>Dans la ville de <strong>Taverny<\/strong>, je propose des s\u00e9ances \u00e0 domicile adapt\u00e9es pour :<\/p>\r\n\r\n\r\n\r\n<ul class=\"wp-block-list\">\r\n<li><strong>Arr\u00eat du Tabac<\/strong> : La<strong> r\u00e9flexologie auriculaire<\/strong> et le <strong>laser tabac<\/strong> sont des approches naturelles et non invasives qui aident \u00e0 r\u00e9duire les<a href=\"https:\/\/mr-antoine.fr\/index.php\/2024\/09\/03\/adieu-nicotine-le-guide-ultime-pour-arreter-de-fumer-definitivement\/\"><strong> envies de fumer<\/strong><\/a> et les <a href=\"https:\/\/mr-antoine.fr\/index.php\/2024\/08\/29\/comment-maintenir-la-motivation-apres-un-sevrage-astuces-et-conseils-pratiques\/\"><strong>sympt\u00f4mes de sevrage<\/strong><\/a> en agissant sur des <strong>points r\u00e9flexes de l\u2019oreille.<\/strong><\/li>\r\n\r\n\r\n\r\n<li><strong>Gestion de l&rsquo;Alcool<\/strong> : Pour ceux qui cherchent \u00e0 r\u00e9duire leur <a href=\"https:\/\/mr-antoine.fr\/index.php\/2024\/09\/03\/sobriete-mentale-le-guide-essentiel-pour-reduire-votre-consommation-dalcool\/\"><strong>consommation d\u2019alcool<\/strong><\/a>, la <strong>r\u00e9flexologie auriculaire<\/strong> offre une m\u00e9thode douce pour diminuer les envies et g\u00e9rer les <strong>\u00e9motions li\u00e9es au sevrage.<\/strong><\/li>\r\n\r\n\r\n\r\n<li><strong>R\u00e9duction des Envies de Sucre<\/strong> : Les <a href=\"https:\/\/mr-antoine.fr\/index.php\/2024\/09\/03\/liberez-vous-du-sucre-le-guide-pratique-pour-transformer-votre-vie\/\"><strong>envies de sucre<\/strong><\/a> peuvent \u00eatre efficacement contr\u00f4l\u00e9es avec la <strong>r\u00e9flexologie auriculaire<\/strong>, aidant \u00e0 diminuer les<strong> compulsions alimentaires<\/strong> et \u00e0 adopter une <strong>alimentation plus \u00e9quilibr\u00e9e.<\/strong><\/li>\r\n<\/ul>\r\n\r\n\r\n\r\n<h4 class=\"wp-block-heading\">\u00a0<\/h4>\r\n<h3 class=\"wp-block-heading\">Profitez de Taverny<\/h3>\r\n\r\n\r\n\r\n<p><strong>Taverny<\/strong> est une ville aux multiples facettes, offrant des activit\u00e9s pour tous. <strong>Apr\u00e8s votre s\u00e9ance<\/strong>, vous pouvez vous balader dans le <strong>centre commercial des portes de Taverny<\/strong> ou d\u00e9couvrir <strong>les sentiers de la for\u00eat de Montmorency<\/strong> pour une promenade revigorante. Le centre-ville, anim\u00e9 par ses boutiques et restaurants, offre \u00e9galement un cadre agr\u00e9able pour prolonger votre moment de d\u00e9tente.<\/p>\r\n<p>&nbsp;<\/p>\r\n\r\n\r\n\r\n<p><strong>Taverny est facilement accessible depuis les principales routes de la ville, avec un acc\u00e8s simple depuis les communes voisines comme <a href=\"https:\/\/mr-antoine.fr\/index.php\/reflexologie-auriculaire-et-laser-a-le-plessis-bouchard-val-doise-arretez-le-tabac-lalcool-et-le-sucre-naturellement\/\">le Plessis-Bouchard<\/a>, <a href=\"https:\/\/mr-antoine.fr\/index.php\/reflexologie-auriculaire-et-laser-a-beauchamp-val-doise-arretez-le-tabac-lalcool-et-le-sucre-naturellement\/\">Beauchamp<\/a>, <a href=\"https:\/\/mr-antoine.fr\/index.php\/reflexologie-auriculaire-et-laser-a-sannois-val-doise-arretez-le-tabac-lalcool-et-le-sucre-naturellement\/\">Sannois<\/a>, <a href=\"https:\/\/mr-antoine.fr\/index.php\/reflexologie-auriculaire-et-laser-a-herblay-sur-seine-val-doise-liberez-vous-du-tabac-de-lalcool-et-du-sucre\/\">Herblay<\/a>, <a href=\"https:\/\/mr-antoine.fr\/index.php\/reflexologie-auriculaire-et-laser-a-cormeilles-en-parisis-val-doise-arretez-le-tabac-lalcool-et-le-sucre-naturellement\/\">Cormeilles-en-Parisis<\/a>, <a href=\"https:\/\/mr-antoine.fr\/index.php\/reflexologie-auriculaire-et-laser-a-montigny-les-cormeilles-val-doise-solutions-naturelles-pour-arreter-le-tabac-lalcool-et-le-sucre\/\">Montigny-l\u00e8s-Cormeilles<\/a>, <a href=\"https:\/\/mr-antoine.fr\/index.php\/reflexologie-auriculaire-et-laser-a-pierrelaye-val-doise-arretez-le-tabac-lalcool-et-le-sucre-avec-des-solutions-naturelles\/\">Pierrelaye<\/a>, <a href=\"https:\/\/mr-antoine.fr\/index.php\/reflexologie-auriculaire-et-laser-a-saint-prix-val-doise-arretez-le-tabac-lalcool-et-le-sucre-naturellement\/\">Saint-Prix<\/a>, <a href=\"https:\/\/mr-antoine.fr\/index.php\/reflexologie-auriculaire-et-laser-a-saint-leu-la-foret-val-doise-arretez-le-tabac-lalcool-et-le-sucre-avec-des-solutions-naturelles\/\">Saint-Leu-la-For\u00eat,<\/a> <a href=\"https:\/\/mr-antoine.fr\/index.php\/reflexologie-auriculaire-et-laser-a-taverny-val-doise-arretez-le-tabac-lalcool-et-le-sucre-naturellement\/\">Taverny<\/a>, <a href=\"https:\/\/mr-antoine.fr\/index.php\/reflexologie-auriculaire-et-laser-a-franconville-val-doise-arret-du-tabac-de-lalcool-et-du-sucre\/\">Franconville<\/a>, <a href=\"https:\/\/mr-antoine.fr\/index.php\/reflexologie-auriculaire-et-laser-a-eaubonne-val-doise-solutions-naturelles-pour-arreter-le-tabac-lalcool-et-le-sucre\/\">Eaubonne<\/a>, <a href=\"https:\/\/mr-antoine.fr\/index.php\/reflexologie-auriculaire-et-laser-a-ermont-val-doise-arretez-le-tabac-lalcool-et-le-sucre-avec-des-solutions-naturelles\/\">Ermont<\/a>, <a href=\"https:\/\/mr-antoine.fr\/index.php\/reflexologie-auriculaire-et-laser-a-la-frette-sur-seine-val-doise-arretez-le-tabac-lalcool-et-le-sucre-avec-des-solutions-naturelles\/\">la-Frette-sur-Seine<\/a>, <a href=\"https:\/\/mr-antoine.fr\/index.php\/reflexologie-auriculaire-et-laser-a-enghien-les-bains-val-doise-arretez-le-tabac-lalcool-et-le-sucre-avec-des-solutions-naturelles\/\">Enghien-les-Bains<\/a>, <a href=\"https:\/\/mr-antoine.fr\/index.php\/reflexologie-auriculaire-et-laser-a-saint-gratien-val-doise-solutions-naturelles-pour-arreter-le-tabac-lalcool-et-le-sucre\/\">Saint-Gratien<\/a>, <a href=\"https:\/\/mr-antoine.fr\/index.php\/reflexologie-auriculaire-et-laser-a-montmorency-val-doise-arretez-le-tabac-lalcool-et-le-sucre-naturellement\/\">Montmorency<\/a>, et un stationnement disponible pour les visiteurs.<\/strong><\/p>\r\n\r\n\r\n\r\n<h3 class=\"wp-block-heading\">\u00a0<\/h3>\r\n<h3 class=\"wp-block-heading\">Prenez Rendez-Vous \u00e0 Taverny<\/h3>\r\n\r\n\r\n\r\n<p>Pr\u00eat \u00e0 franchir le pas vers une<strong> vie sans d\u00e9pendances<\/strong> ? <a href=\"http:\/\/www.mr-antoine.fr\"><strong>Contactez-moi<\/strong> <\/a>d\u00e8s maintenant sur mon site internet (mail) sur mon<strong> Facebook<\/strong> et <strong>Instagram<\/strong> en DM ou sur <strong>WhatsApp<\/strong> au <strong>07.75.77.32.52<\/strong> pour planifier votre premi\u00e8re<strong> s\u00e9ance de r\u00e9flexologie auriculaire ou de laser \u00e0 Taverny<\/strong>. Ensemble, nous \u00e9tablirons un plan adapt\u00e9 \u00e0 vos besoins pour <strong>arr\u00eater le tabac, l&rsquo;alcool ou le sucre.<\/strong><\/p>\r\n<p>&nbsp;<\/p>\r\n<div id=\"attachment_10162\" style=\"width: 201px\" class=\"wp-caption alignnone\"><a href=\"https:\/\/amzn.to\/3XrbEI8\"><img decoding=\"async\" aria-describedby=\"caption-attachment-10162\" class=\"size-medium wp-image-10162\" src=\"http:\/\/mr-antoine.fr\/wp-content\/uploads\/2024\/09\/Couverture-Ebook-Adieu-Nicotine-191x300.jpg\" alt=\"Couverture de l'e-book Adieu Nicotine : Votre guide pour cesser de fumer d\u00e9finitivement - Monsieur Antoine\" width=\"191\" height=\"300\" srcset=\"https:\/\/mr-antoine.fr\/wp-content\/uploads\/2024\/09\/Couverture-Ebook-Adieu-Nicotine-191x300.jpg 191w, https:\/\/mr-antoine.fr\/wp-content\/uploads\/2024\/09\/Couverture-Ebook-Adieu-Nicotine-651x1024.jpg 651w, https:\/\/mr-antoine.fr\/wp-content\/uploads\/2024\/09\/Couverture-Ebook-Adieu-Nicotine-768x1209.jpg 768w, https:\/\/mr-antoine.fr\/wp-content\/uploads\/2024\/09\/Couverture-Ebook-Adieu-Nicotine-976x1536.jpg 976w, https:\/\/mr-antoine.fr\/wp-content\/uploads\/2024\/09\/Couverture-Ebook-Adieu-Nicotine-900x1416.jpg 900w, https:\/\/mr-antoine.fr\/wp-content\/uploads\/2024\/09\/Couverture-Ebook-Adieu-Nicotine.jpg 1058w\" sizes=\"(max-width: 191px) 100vw, 191px\" \/><\/a><p id=\"caption-attachment-10162\" class=\"wp-caption-text\">Lib\u00e9rez-vous du Tabac avec l&rsquo;e-book de Monsieur Antoine : D\u00e9couvrez des techniques naturelles pour arr\u00eater de fumer gr\u00e2ce \u00e0 l&rsquo;auto-hypnose et \u00e0 la r\u00e9flexologie auriculaire. <a href=\"https:\/\/amzn.to\/3XrbEI8\"><strong>Achetez maintenant sur Amazon<\/strong><\/a><\/p><\/div>\r\n<div id=\"attachment_10169\" style=\"width: 202px\" class=\"wp-caption alignnone\"><a href=\"https:\/\/amzn.to\/3Z6nTLm\"><img decoding=\"async\" aria-describedby=\"caption-attachment-10169\" class=\"size-medium wp-image-10169\" src=\"http:\/\/mr-antoine.fr\/wp-content\/uploads\/2024\/09\/Couverture-ebook-liberez-vous-du-sucre-192x300.png\" alt=\"Couverture de l'e-book Lib\u00e9rez-vous du Sucre : Transformez votre Vie avec l'Auto-Hypnose et le Laser - Monsieur Antoine\" width=\"192\" height=\"300\" srcset=\"https:\/\/mr-antoine.fr\/wp-content\/uploads\/2024\/09\/Couverture-ebook-liberez-vous-du-sucre-192x300.png 192w, https:\/\/mr-antoine.fr\/wp-content\/uploads\/2024\/09\/Couverture-ebook-liberez-vous-du-sucre.png 512w\" sizes=\"(max-width: 192px) 100vw, 192px\" \/><\/a><p id=\"caption-attachment-10169\" class=\"wp-caption-text\">Lib\u00e9rez-vous du Sucre avec l&rsquo;e-book de Monsieur Antoine : D\u00e9couvrez comment r\u00e9duire votre consommation de sucre gr\u00e2ce \u00e0 l&rsquo;auto-hypnose et au laser. <a href=\"https:\/\/amzn.to\/3Z6nTLm\"><strong>Achetez maintenant sur Amazon<\/strong><\/a><\/p><\/div>\r\n<div id=\"attachment_10163\" style=\"width: 201px\" class=\"wp-caption alignnone\"><a href=\"https:\/\/amzn.to\/475Nwhv\"><img loading=\"lazy\" decoding=\"async\" aria-describedby=\"caption-attachment-10163\" class=\"size-medium wp-image-10163\" src=\"http:\/\/mr-antoine.fr\/wp-content\/uploads\/2024\/09\/Couverture-Ebook-Sobriete-Mentale-191x300.jpg\" alt=\"Couverture de l'e-book Sobri\u00e9t\u00e9 Mentale : Se passer d'Alcool gr\u00e2ce \u00e0 l'Auto-Hypnose et au Laser - Monsieur Antoine\" width=\"191\" height=\"300\" srcset=\"https:\/\/mr-antoine.fr\/wp-content\/uploads\/2024\/09\/Couverture-Ebook-Sobriete-Mentale-191x300.jpg 191w, https:\/\/mr-antoine.fr\/wp-content\/uploads\/2024\/09\/Couverture-Ebook-Sobriete-Mentale-651x1024.jpg 651w, https:\/\/mr-antoine.fr\/wp-content\/uploads\/2024\/09\/Couverture-Ebook-Sobriete-Mentale-768x1208.jpg 768w, https:\/\/mr-antoine.fr\/wp-content\/uploads\/2024\/09\/Couverture-Ebook-Sobriete-Mentale-976x1536.jpg 976w, https:\/\/mr-antoine.fr\/wp-content\/uploads\/2024\/09\/Couverture-Ebook-Sobriete-Mentale-900x1416.jpg 900w, https:\/\/mr-antoine.fr\/wp-content\/uploads\/2024\/09\/Couverture-Ebook-Sobriete-Mentale.jpg 1055w\" sizes=\"(max-width: 191px) 100vw, 191px\" \/><\/a><p id=\"caption-attachment-10163\" class=\"wp-caption-text\">Sobri\u00e9t\u00e9 Mentale avec l&rsquo;e-book de Monsieur Antoine : Apprenez \u00e0 r\u00e9duire votre consommation d&rsquo;alcool gr\u00e2ce \u00e0 des techniques d&rsquo;auto-hypnose et au laser. <a href=\"https:\/\/amzn.to\/475Nwhv\"><strong>Achetez maintenant sur Amazon<\/strong><\/a><\/p><\/div>\r\n","protected":false},"excerpt":{"rendered":"<p>R\u00e9flexologie Auriculaire et Laser \u00e0 Taverny (Val d&rsquo;Oise) \u2013 Arr\u00eatez le Tabac, l&rsquo;Alcool et le Sucre Naturellement Bienvenue chez Monsieur Antoine, votre r\u00e9flexologue auriculaire \u00e0 Taverny, dans le Val d\u2019Oise. Je suis sp\u00e9cialis\u00e9 dans l\u2019accompagnement pour l\u2019arr\u00eat du tabac et la gestion des addictions \u00e0 l\u2019alcool et au sucre, en utilisant des m\u00e9thodes naturelles comme&hellip;<\/p>\n","protected":false},"author":1,"featured_media":10330,"parent":0,"menu_order":0,"comment_status":"closed","ping_status":"closed","template":"","meta":{"om_disable_all_campaigns":false,"_monsterinsights_skip_tracking":false,"_monsterinsights_sitenote_active":false,"_monsterinsights_sitenote_note":"","_monsterinsights_sitenote_category":0,"_uf_show_specific_survey":0,"_uf_disable_surveys":false,"footnotes":""},"class_list":["post-10235","page","type-page","status-publish","has-post-thumbnail","hentry","description-off"],"aioseo_notices":[],"jetpack_sharing_enabled":true,"_links":{"self":[{"href":"https:\/\/mr-antoine.fr\/index.php\/wp-json\/wp\/v2\/pages\/10235","targetHints":{"allow":["GET"]}}],"collection":[{"href":"https:\/\/mr-antoine.fr\/index.php\/wp-json\/wp\/v2\/pages"}],"about":[{"href":"https:\/\/mr-antoine.fr\/index.php\/wp-json\/wp\/v2\/types\/page"}],"author":[{"embeddable":true,"href":"https:\/\/mr-antoine.fr\/index.php\/wp-json\/wp\/v2\/users\/1"}],"replies":[{"embeddable":true,"href":"https:\/\/mr-antoine.fr\/index.php\/wp-json\/wp\/v2\/comments?post=10235"}],"version-history":[{"count":4,"href":"https:\/\/mr-antoine.fr\/index.php\/wp-json\/wp\/v2\/pages\/10235\/revisions"}],"predecessor-version":[{"id":10371,"href":"https:\/\/mr-antoine.fr\/index.php\/wp-json\/wp\/v2\/pages\/10235\/revisions\/10371"}],"wp:featuredmedia":[{"embeddable":true,"href":"https:\/\/mr-antoine.fr\/index.php\/wp-json\/wp\/v2\/media\/10330"}],"wp:attachment":[{"href":"https:\/\/mr-antoine.fr\/index.php\/wp-json\/wp\/v2\/media?parent=10235"}],"curies":[{"name":"wp","href":"https:\/\/api.w.org\/{rel}","templated":true}]}}