{"id":10231,"date":"2024-09-04T22:43:09","date_gmt":"2024-09-04T20:43:09","guid":{"rendered":"https:\/\/mr-antoine.fr\/?page_id=10231"},"modified":"2024-09-05T21:47:53","modified_gmt":"2024-09-05T19:47:53","slug":"reflexologie-auriculaire-et-laser-a-montigny-les-cormeilles-val-doise-solutions-naturelles-pour-arreter-le-tabac-lalcool-et-le-sucre","status":"publish","type":"page","link":"https:\/\/mr-antoine.fr\/index.php\/reflexologie-auriculaire-et-laser-a-montigny-les-cormeilles-val-doise-solutions-naturelles-pour-arreter-le-tabac-lalcool-et-le-sucre\/","title":{"rendered":"R\u00e9flexologie Auriculaire et Laser \u00e0 Montigny-l\u00e8s-Cormeilles (Val d&rsquo;Oise) \u2013 Solutions Naturelles pour Arr\u00eater le Tabac, l&rsquo;Alcool et le Sucre"},"content":{"rendered":"\r\n<div id=\"attachment_10344\" style=\"width: 310px\" class=\"wp-caption alignnone\"><img fetchpriority=\"high\" decoding=\"async\" aria-describedby=\"caption-attachment-10344\" class=\"size-medium wp-image-10344\" src=\"http:\/\/mr-antoine.fr\/wp-content\/uploads\/2024\/09\/Montigny-les-Cormeilles-Laser-Tabac-300x211.jpg\" alt=\"Vue de Montigny-l\u00e8s-Cormeilles avec ses espaces verts, b\u00e2timents r\u00e9sidentiels modernes et avenues commer\u00e7antes, refl\u00e9tant le dynamisme et la convivialit\u00e9 de la ville.\" width=\"300\" height=\"211\" srcset=\"https:\/\/mr-antoine.fr\/wp-content\/uploads\/2024\/09\/Montigny-les-Cormeilles-Laser-Tabac-300x211.jpg 300w, https:\/\/mr-antoine.fr\/wp-content\/uploads\/2024\/09\/Montigny-les-Cormeilles-Laser-Tabac.jpg 750w\" sizes=\"(max-width: 300px) 100vw, 300px\" \/><p id=\"caption-attachment-10344\" class=\"wp-caption-text\"><strong>Montigny-l\u00e8s-Cormeilles<\/strong> : Une ville moderne et conviviale du <strong>Val d\u2019Oise<\/strong>. Un endroit pratique avant ou apr\u00e8s une<strong> s\u00e9ance de r\u00e9flexologie auriculaire avec Monsieur Antoine<\/strong><\/p><\/div>\r\n<h2 class=\"wp-block-heading\">R\u00e9flexologie Auriculaire et Laser \u00e0 Montigny-l\u00e8s-Cormeilles (Val d&rsquo;Oise) \u2013 Solutions Naturelles pour Arr\u00eater le Tabac, l&rsquo;Alcool et le Sucre<\/h2>\r\n\r\n\r\n\r\n<p><strong>Bienvenue chez Monsieur Antoine, votre r\u00e9flexologue auriculaire \u00e0 Montigny-l\u00e8s-Cormeilles, Val d\u2019Oise.<\/strong> Sp\u00e9cialis\u00e9 dans l\u2019accompagnement pour<a href=\"https:\/\/mr-antoine.fr\/index.php\/2024\/08\/23\/larret-du-tabac-de-20-minutes-a-20-ans\/\"><strong> l\u2019arr\u00eat du tabac<\/strong><\/a> et la gestion des <a href=\"https:\/\/mr-antoine.fr\/index.php\/2024\/08\/08\/les-effets-de-larret-de-lalcool-une-vie-transformee-et-des-conseils-pour-le-sevrage\/\"><strong>addictions \u00e0 l\u2019alcool<\/strong> <\/a>et au <a href=\"https:\/\/mr-antoine.fr\/index.php\/2024\/08\/29\/limpact-du-sevrage-du-sucre-sur-la-sante-mentale-ce-que-vous-devez-savoir\/\"><strong>sucre<\/strong><\/a>, je vous propose des solutions naturelles et personnalis\u00e9es gr\u00e2ce \u00e0 la<strong> r\u00e9flexologie auriculaire et au laser.<\/strong><\/p>\r\n\r\n\r\n\r\n<h4 class=\"wp-block-heading\">\u00a0<\/h4>\r\n<h3 class=\"wp-block-heading\">Montigny-l\u00e8s-Cormeilles : Une Ville Familiale et Dynamique<\/h3>\r\n\r\n\r\n\r\n<p><strong>Montigny-l\u00e8s-Cormeilles<\/strong>, situ\u00e9e dans le <strong>Val d\u2019Oise<\/strong>, est une ville dynamique qui allie modernit\u00e9 et qualit\u00e9 de vie. Avec ses infrastructures r\u00e9centes et ses espaces verts comme<strong> le parc Urbain<\/strong>, <strong>Montigny-l\u00e8s-Cormeilles<\/strong> est une ville agr\u00e9able pour se ressourcer. Mes prestations s&rsquo;inscrivent dans cet environnement, offrant un moment calme et d\u00e9di\u00e9 au <strong>bien-\u00eatre<\/strong>, id\u00e9al pour ceux cherchant \u00e0<a href=\"https:\/\/mr-antoine.fr\/index.php\/2024\/08\/29\/comment-maintenir-la-motivation-apres-un-sevrage-astuces-et-conseils-pratiques\/\"><strong> se lib\u00e9rer de leurs addictions.<\/strong><\/a><\/p>\r\n\r\n\r\n\r\n<h3 class=\"wp-block-heading\">\u00a0<\/h3>\r\n<h3 class=\"wp-block-heading\">Arr\u00eat du Tabac, de l&rsquo;Alcool et du Sucre \u00e0 Montigny-l\u00e8s-Cormeilles<\/h3>\r\n\r\n\r\n\r\n<p>\u00c0<strong> Montigny-l\u00e8s-Cormeilles<\/strong>, je propose des s\u00e9ances \u00e0 domicile adapt\u00e9es pour :<\/p>\r\n\r\n\r\n\r\n<ul class=\"wp-block-list\">\r\n<li><strong>Arr\u00eat du Tabac<\/strong> : Gr\u00e2ce \u00e0 la<strong> r\u00e9flexologie auriculaire<\/strong> et au <strong>laser tabac<\/strong>, nous pouvons cibler les points r\u00e9flexes de l\u2019oreille pour r\u00e9duire les <a href=\"https:\/\/mr-antoine.fr\/index.php\/2024\/08\/29\/les-techniques-de-relaxation-pour-accompagner-larret-du-tabac\/\">envies de fumer<\/a> et aider \u00e0 r\u00e9duire les <a href=\"https:\/\/mr-antoine.fr\/index.php\/2024\/08\/29\/comment-maintenir-la-motivation-apres-un-sevrage-astuces-et-conseils-pratiques\/\">sympt\u00f4mes de sevrage<\/a>.<\/li>\r\n<li><strong>Gestion de l&rsquo;Alcool<\/strong> : Pour ceux qui souhaitent r\u00e9duire ou stopper leur <a href=\"https:\/\/mr-antoine.fr\/index.php\/2024\/08\/08\/les-effets-de-larret-de-lalcool-une-vie-transformee-et-des-conseils-pour-le-sevrage\/\">consommation d\u2019alcool<\/a>, la <strong>r\u00e9flexologie<\/strong> offre une m\u00e9thode douce pour diminuer les envies et g\u00e9rer les <strong>\u00e9motions li\u00e9es au sevrage<\/strong>.<\/li>\r\n<li><strong>R\u00e9duction des Envies de Sucre<\/strong> : Les <a href=\"https:\/\/mr-antoine.fr\/index.php\/2024\/08\/19\/manger-moins-de-sucre-les-benefices-pour-la-sante-et-le-bien-etre\/\">envies de sucre<\/a> peuvent \u00eatre g\u00e9r\u00e9es efficacement avec<strong> la r\u00e9flexologie auriculaire<\/strong>, qui aide \u00e0 diminuer les<strong> compulsions alimentaires<\/strong> et \u00e0 mieux <strong>contr\u00f4ler votre alimentation<\/strong>.<\/li>\r\n<\/ul>\r\n\r\n\r\n\r\n<h4 class=\"wp-block-heading\">\u00a0<\/h4>\r\n<h3 class=\"wp-block-heading\">Explorez Montigny-l\u00e8s-Cormeilles<\/h3>\r\n\r\n\r\n\r\n<p><strong>Montigny-l\u00e8s-Cormeilles<\/strong> offre une vari\u00e9t\u00e9 d\u2019activit\u00e9s et de lieux pour se d\u00e9tendre. Apr\u00e8s votre s\u00e9ance, vous pouvez profiter d&rsquo;une promenade dans le parc Urbain ou explorer le <strong>centre commercial Les Copistes<\/strong> pour une sortie shopping. La ville, bien desservie par les transports en commun, facilite les d\u00e9placements dans toute l\u2019agglom\u00e9ration.<\/p>\r\n\r\n\r\n\r\n<p><strong>Le centre est situ\u00e9 \u00e0 proximit\u00e9 des principaux axes de Montigny-l\u00e8s-Cormeilles, avec un acc\u00e8s facile depuis les communes voisines comme <\/strong><strong><a href=\"https:\/\/mr-antoine.fr\/index.php\/reflexologie-auriculaire-et-laser-a-le-plessis-bouchard-val-doise-arretez-le-tabac-lalcool-et-le-sucre-naturellement\/\">le Plessis-Bouchard<\/a>, <a href=\"https:\/\/mr-antoine.fr\/index.php\/reflexologie-auriculaire-et-laser-a-beauchamp-val-doise-arretez-le-tabac-lalcool-et-le-sucre-naturellement\/\">Beauchamp<\/a>, <a href=\"https:\/\/mr-antoine.fr\/index.php\/reflexologie-auriculaire-et-laser-a-sannois-val-doise-arretez-le-tabac-lalcool-et-le-sucre-naturellement\/\">Sannois<\/a>, <a href=\"https:\/\/mr-antoine.fr\/index.php\/reflexologie-auriculaire-et-laser-a-herblay-sur-seine-val-doise-liberez-vous-du-tabac-de-lalcool-et-du-sucre\/\">Herblay<\/a>, <a href=\"https:\/\/mr-antoine.fr\/index.php\/reflexologie-auriculaire-et-laser-a-cormeilles-en-parisis-val-doise-arretez-le-tabac-lalcool-et-le-sucre-naturellement\/\">Cormeilles-en-Parisis<\/a>, <a href=\"https:\/\/mr-antoine.fr\/index.php\/reflexologie-auriculaire-et-laser-a-pierrelaye-val-doise-arretez-le-tabac-lalcool-et-le-sucre-avec-des-solutions-naturelles\/\">Pierrelaye<\/a>, <a href=\"https:\/\/mr-antoine.fr\/index.php\/reflexologie-auriculaire-et-laser-a-saint-prix-val-doise-arretez-le-tabac-lalcool-et-le-sucre-naturellement\/\">Saint-Prix<\/a>, <a href=\"https:\/\/mr-antoine.fr\/index.php\/reflexologie-auriculaire-et-laser-a-saint-leu-la-foret-val-doise-arretez-le-tabac-lalcool-et-le-sucre-avec-des-solutions-naturelles\/\">Saint-Leu-la-For\u00eat,<\/a> <a href=\"https:\/\/mr-antoine.fr\/index.php\/reflexologie-auriculaire-et-laser-a-taverny-val-doise-arretez-le-tabac-lalcool-et-le-sucre-naturellement\/\">Taverny<\/a>, <a href=\"https:\/\/mr-antoine.fr\/index.php\/reflexologie-auriculaire-et-laser-a-franconville-val-doise-arret-du-tabac-de-lalcool-et-du-sucre\/\">Franconville<\/a>, <a href=\"https:\/\/mr-antoine.fr\/index.php\/reflexologie-auriculaire-et-laser-a-eaubonne-val-doise-solutions-naturelles-pour-arreter-le-tabac-lalcool-et-le-sucre\/\">Eaubonne<\/a>, <a href=\"https:\/\/mr-antoine.fr\/index.php\/reflexologie-auriculaire-et-laser-a-ermont-val-doise-arretez-le-tabac-lalcool-et-le-sucre-avec-des-solutions-naturelles\/\">Ermont<\/a>, <a href=\"https:\/\/mr-antoine.fr\/index.php\/reflexologie-auriculaire-et-laser-a-la-frette-sur-seine-val-doise-arretez-le-tabac-lalcool-et-le-sucre-avec-des-solutions-naturelles\/\">la-Frette-sur-Seine<\/a>, <a href=\"https:\/\/mr-antoine.fr\/index.php\/reflexologie-auriculaire-et-laser-a-enghien-les-bains-val-doise-arretez-le-tabac-lalcool-et-le-sucre-avec-des-solutions-naturelles\/\">Enghien-les-Bains<\/a>, <a href=\"https:\/\/mr-antoine.fr\/index.php\/reflexologie-auriculaire-et-laser-a-saint-gratien-val-doise-solutions-naturelles-pour-arreter-le-tabac-lalcool-et-le-sucre\/\">Saint-Gratien<\/a>, <a href=\"https:\/\/mr-antoine.fr\/index.php\/reflexologie-auriculaire-et-laser-a-montmorency-val-doise-arretez-le-tabac-lalcool-et-le-sucre-naturellement\/\">Montmorency<\/a> <\/strong><strong>avec des options de stationnement \u00e0 proximit\u00e9 pour faciliter votre visite.<\/strong><\/p>\r\n<h3>\u00a0<\/h3>\r\n<h3>Prenez Rendez-Vous \u00e0 Montigny les Cormeilles<\/h3>\r\n<p>Pr\u00eat \u00e0 faire un pas vers une vie <strong>lib\u00e9r\u00e9e des d\u00e9pendances<\/strong> ? <a href=\"http:\/\/www.mr-antoine.fr\">Contactez-moi<\/a> d\u00e8s aujourd&rsquo;hui pour <strong>prendre rendez-vous \u00e0 Montigny-les-Cormeilles<\/strong>. Ensemble, nous \u00e9tablirons un programme personnalis\u00e9 pour vous aider \u00e0 <strong>arr\u00eater de fumer<\/strong>, de boire de l&rsquo;<strong>alcool<\/strong> ou de consommer du <strong>sucre<\/strong>. Contactez moi par mail via la <strong>page contact<\/strong> de ce site, en DM sur les<strong> r\u00e9seaux sociaux<\/strong> ou sur WhatsApp au 07.75.77.32.52.<\/p>\r\n<p>&nbsp;<\/p>\r\n<div id=\"attachment_10162\" style=\"width: 201px\" class=\"wp-caption alignnone\"><a href=\"https:\/\/amzn.to\/3XrbEI8\"><img decoding=\"async\" aria-describedby=\"caption-attachment-10162\" class=\"size-medium wp-image-10162\" src=\"http:\/\/mr-antoine.fr\/wp-content\/uploads\/2024\/09\/Couverture-Ebook-Adieu-Nicotine-191x300.jpg\" alt=\"Couverture de l'e-book Adieu Nicotine : Votre guide pour cesser de fumer d\u00e9finitivement - Monsieur Antoine\" width=\"191\" height=\"300\" srcset=\"https:\/\/mr-antoine.fr\/wp-content\/uploads\/2024\/09\/Couverture-Ebook-Adieu-Nicotine-191x300.jpg 191w, https:\/\/mr-antoine.fr\/wp-content\/uploads\/2024\/09\/Couverture-Ebook-Adieu-Nicotine-651x1024.jpg 651w, https:\/\/mr-antoine.fr\/wp-content\/uploads\/2024\/09\/Couverture-Ebook-Adieu-Nicotine-768x1209.jpg 768w, https:\/\/mr-antoine.fr\/wp-content\/uploads\/2024\/09\/Couverture-Ebook-Adieu-Nicotine-976x1536.jpg 976w, https:\/\/mr-antoine.fr\/wp-content\/uploads\/2024\/09\/Couverture-Ebook-Adieu-Nicotine-900x1416.jpg 900w, https:\/\/mr-antoine.fr\/wp-content\/uploads\/2024\/09\/Couverture-Ebook-Adieu-Nicotine.jpg 1058w\" sizes=\"(max-width: 191px) 100vw, 191px\" \/><\/a><p id=\"caption-attachment-10162\" class=\"wp-caption-text\">Lib\u00e9rez-vous du Tabac avec l&rsquo;e-book de Monsieur Antoine : D\u00e9couvrez des techniques naturelles pour arr\u00eater de fumer gr\u00e2ce \u00e0 l&rsquo;auto-hypnose et \u00e0 la r\u00e9flexologie auriculaire. <a href=\"https:\/\/amzn.to\/3XrbEI8\"><strong>Achetez maintenant sur Amazon<\/strong><\/a><\/p><\/div>\r\n<div id=\"attachment_10169\" style=\"width: 202px\" class=\"wp-caption alignnone\"><a href=\"https:\/\/amzn.to\/3Z6nTLm\"><img decoding=\"async\" aria-describedby=\"caption-attachment-10169\" class=\"size-medium wp-image-10169\" src=\"http:\/\/mr-antoine.fr\/wp-content\/uploads\/2024\/09\/Couverture-ebook-liberez-vous-du-sucre-192x300.png\" alt=\"Couverture de l'e-book Lib\u00e9rez-vous du Sucre : Transformez votre Vie avec l'Auto-Hypnose et le Laser - Monsieur Antoine\" width=\"192\" height=\"300\" srcset=\"https:\/\/mr-antoine.fr\/wp-content\/uploads\/2024\/09\/Couverture-ebook-liberez-vous-du-sucre-192x300.png 192w, https:\/\/mr-antoine.fr\/wp-content\/uploads\/2024\/09\/Couverture-ebook-liberez-vous-du-sucre.png 512w\" sizes=\"(max-width: 192px) 100vw, 192px\" \/><\/a><p id=\"caption-attachment-10169\" class=\"wp-caption-text\">Lib\u00e9rez-vous du Sucre avec l&rsquo;e-book de Monsieur Antoine : D\u00e9couvrez comment r\u00e9duire votre consommation de sucre gr\u00e2ce \u00e0 l&rsquo;auto-hypnose et au laser.<a href=\"https:\/\/amzn.to\/3Z6nTLm\"><strong> Achetez maintenant sur Amazon<\/strong><\/a><\/p><\/div>\r\n<div id=\"attachment_10163\" style=\"width: 201px\" class=\"wp-caption alignnone\"><a href=\"https:\/\/amzn.to\/475Nwhv\"><img loading=\"lazy\" decoding=\"async\" aria-describedby=\"caption-attachment-10163\" class=\"size-medium wp-image-10163\" src=\"http:\/\/mr-antoine.fr\/wp-content\/uploads\/2024\/09\/Couverture-Ebook-Sobriete-Mentale-191x300.jpg\" alt=\"Couverture de l'e-book Sobri\u00e9t\u00e9 Mentale : Se passer d'Alcool gr\u00e2ce \u00e0 l'Auto-Hypnose et au Laser - Monsieur Antoine\" width=\"191\" height=\"300\" srcset=\"https:\/\/mr-antoine.fr\/wp-content\/uploads\/2024\/09\/Couverture-Ebook-Sobriete-Mentale-191x300.jpg 191w, https:\/\/mr-antoine.fr\/wp-content\/uploads\/2024\/09\/Couverture-Ebook-Sobriete-Mentale-651x1024.jpg 651w, https:\/\/mr-antoine.fr\/wp-content\/uploads\/2024\/09\/Couverture-Ebook-Sobriete-Mentale-768x1208.jpg 768w, https:\/\/mr-antoine.fr\/wp-content\/uploads\/2024\/09\/Couverture-Ebook-Sobriete-Mentale-976x1536.jpg 976w, https:\/\/mr-antoine.fr\/wp-content\/uploads\/2024\/09\/Couverture-Ebook-Sobriete-Mentale-900x1416.jpg 900w, https:\/\/mr-antoine.fr\/wp-content\/uploads\/2024\/09\/Couverture-Ebook-Sobriete-Mentale.jpg 1055w\" sizes=\"(max-width: 191px) 100vw, 191px\" \/><\/a><p id=\"caption-attachment-10163\" class=\"wp-caption-text\">Sobri\u00e9t\u00e9 Mentale avec l&rsquo;e-book de Monsieur Antoine : Apprenez \u00e0 r\u00e9duire votre consommation d&rsquo;alcool gr\u00e2ce \u00e0 des techniques d&rsquo;auto-hypnose et au laser. <a href=\"https:\/\/amzn.to\/475Nwhv\">Achetez maintenant sur Amazon<\/a><\/p><\/div>\r\n","protected":false},"excerpt":{"rendered":"<p>R\u00e9flexologie Auriculaire et Laser \u00e0 Montigny-l\u00e8s-Cormeilles (Val d&rsquo;Oise) \u2013 Solutions Naturelles pour Arr\u00eater le Tabac, l&rsquo;Alcool et le Sucre Bienvenue chez Monsieur Antoine, votre r\u00e9flexologue auriculaire \u00e0 Montigny-l\u00e8s-Cormeilles, Val d\u2019Oise. Sp\u00e9cialis\u00e9 dans l\u2019accompagnement pour l\u2019arr\u00eat du tabac et la gestion des addictions \u00e0 l\u2019alcool et au sucre, je vous propose des solutions naturelles et personnalis\u00e9es&hellip;<\/p>\n","protected":false},"author":1,"featured_media":10344,"parent":0,"menu_order":0,"comment_status":"closed","ping_status":"closed","template":"","meta":{"om_disable_all_campaigns":false,"_monsterinsights_skip_tracking":false,"_monsterinsights_sitenote_active":false,"_monsterinsights_sitenote_note":"","_monsterinsights_sitenote_category":0,"_uf_show_specific_survey":0,"_uf_disable_surveys":false,"footnotes":""},"class_list":["post-10231","page","type-page","status-publish","has-post-thumbnail","hentry","description-off"],"aioseo_notices":[],"jetpack_sharing_enabled":true,"_links":{"self":[{"href":"https:\/\/mr-antoine.fr\/index.php\/wp-json\/wp\/v2\/pages\/10231","targetHints":{"allow":["GET"]}}],"collection":[{"href":"https:\/\/mr-antoine.fr\/index.php\/wp-json\/wp\/v2\/pages"}],"about":[{"href":"https:\/\/mr-antoine.fr\/index.php\/wp-json\/wp\/v2\/types\/page"}],"author":[{"embeddable":true,"href":"https:\/\/mr-antoine.fr\/index.php\/wp-json\/wp\/v2\/users\/1"}],"replies":[{"embeddable":true,"href":"https:\/\/mr-antoine.fr\/index.php\/wp-json\/wp\/v2\/comments?post=10231"}],"version-history":[{"count":3,"href":"https:\/\/mr-antoine.fr\/index.php\/wp-json\/wp\/v2\/pages\/10231\/revisions"}],"predecessor-version":[{"id":10348,"href":"https:\/\/mr-antoine.fr\/index.php\/wp-json\/wp\/v2\/pages\/10231\/revisions\/10348"}],"wp:featuredmedia":[{"embeddable":true,"href":"https:\/\/mr-antoine.fr\/index.php\/wp-json\/wp\/v2\/media\/10344"}],"wp:attachment":[{"href":"https:\/\/mr-antoine.fr\/index.php\/wp-json\/wp\/v2\/media?parent=10231"}],"curies":[{"name":"wp","href":"https:\/\/api.w.org\/{rel}","templated":true}]}}