{"id":10230,"date":"2024-09-04T22:40:50","date_gmt":"2024-09-04T20:40:50","guid":{"rendered":"https:\/\/mr-antoine.fr\/?page_id=10230"},"modified":"2024-09-05T23:12:34","modified_gmt":"2024-09-05T21:12:34","slug":"reflexologie-auriculaire-et-laser-a-la-frette-sur-seine-val-doise-arretez-le-tabac-lalcool-et-le-sucre-avec-des-solutions-naturelles","status":"publish","type":"page","link":"https:\/\/mr-antoine.fr\/index.php\/reflexologie-auriculaire-et-laser-a-la-frette-sur-seine-val-doise-arretez-le-tabac-lalcool-et-le-sucre-avec-des-solutions-naturelles\/","title":{"rendered":"R\u00e9flexologie Auriculaire et Laser \u00e0 La Frette-sur-Seine (Val d&rsquo;Oise) \u2013 Arr\u00eatez le Tabac, l&rsquo;Alcool et le Sucre avec des Solutions Naturelles"},"content":{"rendered":"\r\n<div id=\"attachment_10379\" style=\"width: 310px\" class=\"wp-caption alignnone\"><img fetchpriority=\"high\" decoding=\"async\" aria-describedby=\"caption-attachment-10379\" class=\"size-medium wp-image-10379\" src=\"http:\/\/mr-antoine.fr\/wp-content\/uploads\/2024\/09\/La-Frette-Sur-Seine-Laser-Tabac-300x196.jpg\" alt=\"Vue de La Frette-sur-Seine avec ses quais fleuris, maisons traditionnelles et la Seine, illustrant le charme pittoresque et paisible de la ville.\" width=\"300\" height=\"196\" srcset=\"https:\/\/mr-antoine.fr\/wp-content\/uploads\/2024\/09\/La-Frette-Sur-Seine-Laser-Tabac-300x196.jpg 300w, https:\/\/mr-antoine.fr\/wp-content\/uploads\/2024\/09\/La-Frette-Sur-Seine-Laser-Tabac.jpg 750w\" sizes=\"(max-width: 300px) 100vw, 300px\" \/><p id=\"caption-attachment-10379\" class=\"wp-caption-text\"><strong>La Frette-sur-Seine<\/strong> : Un village pittoresque en <strong>bord de Seine.<\/strong> C&rsquo;est un endroit id\u00e9al pour fl\u00e2ner avant ou apr\u00e8s une <strong>s\u00e9ance de r\u00e9flexologie auriculaire avec Monsieur Antoine<\/strong><\/p><\/div>\r\n<h2 class=\"wp-block-heading\">R\u00e9flexologie Auriculaire et Laser \u00e0 La Frette-sur-Seine (Val d&rsquo;Oise) \u2013 Arr\u00eatez le Tabac, l&rsquo;Alcool et le Sucre avec des Solutions Naturelles<\/h2>\r\n\r\n\r\n\r\n<p><strong>Bienvenue chez Monsieur Antoine, votre r\u00e9flexologue auriculaire \u00e0 La Frette-sur-Seine, Val d\u2019Oise.<\/strong> Sp\u00e9cialis\u00e9 dans l\u2019accompagnement pour l\u2019<a href=\"https:\/\/mr-antoine.fr\/index.php\/2024\/08\/23\/larret-du-tabac-de-20-minutes-a-20-ans\/\"><strong>arr\u00eat du tabac<\/strong> <\/a>et la gestion des <strong>addictions \u00e0 l\u2019<a href=\"https:\/\/mr-antoine.fr\/index.php\/2024\/08\/08\/les-effets-de-larret-de-lalcool-une-vie-transformee-et-des-conseils-pour-le-sevrage\/\">alcool<\/a><\/strong> et au <a href=\"https:\/\/mr-antoine.fr\/index.php\/2024\/08\/19\/manger-moins-de-sucre-les-benefices-pour-la-sante-et-le-bien-etre\/\"><strong>sucre<\/strong><\/a>, je vous propose des solutions naturelles et personnalis\u00e9es avec la <strong>r\u00e9flexologie auriculaire et le laser.<\/strong><\/p>\r\n\r\n\r\n\r\n<h4 class=\"wp-block-heading\">\u00a0<\/h4>\r\n<h3 class=\"wp-block-heading\">La Frette-sur-Seine : Un Havre de Paix en Bord de Seine<\/h3>\r\n\r\n\r\n\r\n<p><strong>La Frette-sur-Seine<\/strong>, petite commune pittoresque sur les bords de la Seine, est appr\u00e9ci\u00e9e pour son cadre bucolique et son ambiance villageoise. Avec ses quais fleuris et ses <strong>vues panoramiques sur la Seine<\/strong>, la ville offre un environnement apaisant propice au <strong>bien-\u00eatre<\/strong> et \u00e0 la<strong> relaxation<\/strong>. Mon activit\u00e9 de<strong> r\u00e9flexologie \u00e0 La Frette-sur-Seine<\/strong> s\u2019int\u00e8gre parfaitement dans ce cadre serein, id\u00e9al pour entreprendre un processus de<strong> sevrage et de <a href=\"https:\/\/mr-antoine.fr\/index.php\/2024\/08\/29\/comment-maintenir-la-motivation-apres-un-sevrage-astuces-et-conseils-pratiques\/\">gestion des addictions.<\/a><\/strong><\/p>\r\n\r\n\r\n\r\n<h4 class=\"wp-block-heading\">\u00a0<\/h4>\r\n<h3 class=\"wp-block-heading\">Arr\u00eat du Tabac, de l&rsquo;Alcool et du Sucre \u00e0 La Frette-sur-Seine<\/h3>\r\n\r\n\r\n\r\n<p>\u00c0 <strong>La Frette-sur-Seine<\/strong>, je propose des s\u00e9ances \u00e0 domicile adapt\u00e9es pour :<\/p>\r\n\r\n\r\n\r\n<ul class=\"wp-block-list\">\r\n<li><strong>Arr\u00eat du Tabac<\/strong> : La<strong> r\u00e9flexologie auriculaire<\/strong> et le <strong>laser tabac<\/strong> sont des m\u00e9thodes naturelles pour r\u00e9duire les <a href=\"https:\/\/mr-antoine.fr\/index.php\/2024\/09\/03\/adieu-nicotine-le-guide-ultime-pour-arreter-de-fumer-definitivement\/\"><strong>envies de fumer<\/strong> <\/a>et aider au <strong>sevrage<\/strong>, en agissant sur des<strong> points sp\u00e9cifiques de l\u2019oreille.<\/strong><\/li>\r\n\r\n\r\n\r\n<li><strong>Gestion de l&rsquo;Alcool<\/strong> : La <strong>r\u00e9flexologie auriculaire<\/strong> peut vous aider \u00e0 diminuer les <a href=\"https:\/\/mr-antoine.fr\/index.php\/2024\/09\/03\/sobriete-mentale-le-guide-essentiel-pour-reduire-votre-consommation-dalcool\/\"><strong>envies d\u2019alcool<\/strong> <\/a>et \u00e0 g\u00e9rer le stress, contribuant ainsi \u00e0 un<strong> sevrage plus serein.<\/strong><\/li>\r\n\r\n\r\n\r\n<li><strong>R\u00e9duction des Envies de Sucre<\/strong> : Si vous cherchez \u00e0 r\u00e9duire votre <a href=\"https:\/\/mr-antoine.fr\/index.php\/2024\/09\/03\/liberez-vous-du-sucre-le-guide-pratique-pour-transformer-votre-vie\/\"><strong>consommation de sucre<\/strong><\/a>, la<strong> r\u00e9flexologie<\/strong> offre une approche naturelle pour diminuer les <strong>envies compulsives.<\/strong><\/li>\r\n<\/ul>\r\n\r\n\r\n\r\n<h4 class=\"wp-block-heading\">\u00a0<\/h4>\r\n<h3 class=\"wp-block-heading\">Les Atouts de La Frette-sur-Seine<\/h3>\r\n\r\n\r\n\r\n<p><strong>La Frette-sur-Seine<\/strong> est un lieu parfait pour se d\u00e9tendre et profiter de la nature. Apr\u00e8s votre s\u00e9ance, vous pouvez vous promener le long des<strong> quais de la Seine<\/strong> ou explorer le petit centre-ville avec ses commerces et ses restaurants. L\u2019ambiance paisible de La <strong>Frette-sur-Seine<\/strong> est propice \u00e0 la d\u00e9tente et au ressourcement.<\/p>\r\n\r\n\r\n\r\n<p><strong>Le centre ville est id\u00e9alement situ\u00e9 pour les r\u00e9sidents de La Frette-sur-Seine et des communes voisines comme <a href=\"https:\/\/mr-antoine.fr\/index.php\/reflexologie-auriculaire-et-laser-a-le-plessis-bouchard-val-doise-arretez-le-tabac-lalcool-et-le-sucre-naturellement\/\">le Plessis-Bouchard<\/a>, <a href=\"https:\/\/mr-antoine.fr\/index.php\/reflexologie-auriculaire-et-laser-a-beauchamp-val-doise-arretez-le-tabac-lalcool-et-le-sucre-naturellement\/\">Beauchamp<\/a>, <a href=\"https:\/\/mr-antoine.fr\/index.php\/reflexologie-auriculaire-et-laser-a-sannois-val-doise-arretez-le-tabac-lalcool-et-le-sucre-naturellement\/\">Sannois<\/a>, <a href=\"https:\/\/mr-antoine.fr\/index.php\/reflexologie-auriculaire-et-laser-a-herblay-sur-seine-val-doise-liberez-vous-du-tabac-de-lalcool-et-du-sucre\/\">Herblay<\/a>, <a href=\"https:\/\/mr-antoine.fr\/index.php\/reflexologie-auriculaire-et-laser-a-cormeilles-en-parisis-val-doise-arretez-le-tabac-lalcool-et-le-sucre-naturellement\/\">Cormeilles-en-Parisis<\/a>, <a href=\"https:\/\/mr-antoine.fr\/index.php\/reflexologie-auriculaire-et-laser-a-montigny-les-cormeilles-val-doise-solutions-naturelles-pour-arreter-le-tabac-lalcool-et-le-sucre\/\">Montigny-l\u00e8s-Cormeilles<\/a>, <a href=\"https:\/\/mr-antoine.fr\/index.php\/reflexologie-auriculaire-et-laser-a-pierrelaye-val-doise-arretez-le-tabac-lalcool-et-le-sucre-avec-des-solutions-naturelles\/\">Pierrelaye<\/a>, <a href=\"https:\/\/mr-antoine.fr\/index.php\/reflexologie-auriculaire-et-laser-a-saint-prix-val-doise-arretez-le-tabac-lalcool-et-le-sucre-naturellement\/\">Saint-Prix<\/a>, <a href=\"https:\/\/mr-antoine.fr\/index.php\/reflexologie-auriculaire-et-laser-a-saint-leu-la-foret-val-doise-arretez-le-tabac-lalcool-et-le-sucre-avec-des-solutions-naturelles\/\">Saint-Leu-la-For\u00eat,<\/a> <a href=\"https:\/\/mr-antoine.fr\/index.php\/reflexologie-auriculaire-et-laser-a-taverny-val-doise-arretez-le-tabac-lalcool-et-le-sucre-naturellement\/\">Taverny<\/a>, <a href=\"https:\/\/mr-antoine.fr\/index.php\/reflexologie-auriculaire-et-laser-a-franconville-val-doise-arret-du-tabac-de-lalcool-et-du-sucre\/\">Franconville<\/a>, <a href=\"https:\/\/mr-antoine.fr\/index.php\/reflexologie-auriculaire-et-laser-a-eaubonne-val-doise-solutions-naturelles-pour-arreter-le-tabac-lalcool-et-le-sucre\/\">Eaubonne<\/a>, <a href=\"https:\/\/mr-antoine.fr\/index.php\/reflexologie-auriculaire-et-laser-a-ermont-val-doise-arretez-le-tabac-lalcool-et-le-sucre-avec-des-solutions-naturelles\/\">Ermont<\/a>, <a href=\"https:\/\/mr-antoine.fr\/index.php\/reflexologie-auriculaire-et-laser-a-enghien-les-bains-val-doise-arretez-le-tabac-lalcool-et-le-sucre-avec-des-solutions-naturelles\/\">Enghien-les-Bains<\/a>, <a href=\"https:\/\/mr-antoine.fr\/index.php\/reflexologie-auriculaire-et-laser-a-saint-gratien-val-doise-solutions-naturelles-pour-arreter-le-tabac-lalcool-et-le-sucre\/\">Saint-Gratien<\/a>, <a href=\"https:\/\/mr-antoine.fr\/index.php\/reflexologie-auriculaire-et-laser-a-montmorency-val-doise-arretez-le-tabac-lalcool-et-le-sucre-naturellement\/\">Montmorency<\/a>, avec un acc\u00e8s facile et des options de stationnement pratique.<\/strong><\/p>\r\n\r\n\r\n\r\n<h4 class=\"wp-block-heading\">\u00a0<\/h4>\r\n<h3 class=\"wp-block-heading\">Prenez Rendez-Vous \u00e0 La Frette-sur-Seine<\/h3>\r\n\r\n\r\n\r\n<p>Pr\u00eat \u00e0 franchir le pas vers une <strong>vie sans d\u00e9pendances<\/strong> ? <a href=\"http:\/\/www.mr-antoine.fr\"><strong>Contactez-moi<\/strong><\/a> par mail sur <strong>mon site<\/strong>, sur mes <strong>r\u00e9seaux sociaux<\/strong> et sur mon <strong>WhatsApp<\/strong> au <strong>07.75.77.32.52<\/strong> pour prendre rendez-vous \u00e0 <strong>La Frette-sur-Seine<\/strong>. Ensemble, nous \u00e9tablirons un plan personnalis\u00e9 pour vous aider \u00e0 <strong>arr\u00eater le tabac, l&rsquo;alcool ou le sucre<\/strong> de mani\u00e8re naturelle et efficace.<\/p>\r\n<p>&nbsp;<\/p>\r\n<div id=\"attachment_10162\" style=\"width: 201px\" class=\"wp-caption alignnone\"><a href=\"https:\/\/amzn.to\/3XrbEI8\"><img decoding=\"async\" aria-describedby=\"caption-attachment-10162\" class=\"size-medium wp-image-10162\" src=\"http:\/\/mr-antoine.fr\/wp-content\/uploads\/2024\/09\/Couverture-Ebook-Adieu-Nicotine-191x300.jpg\" alt=\"Couverture de l'e-book Adieu Nicotine : Votre guide pour cesser de fumer d\u00e9finitivement - Monsieur Antoine\" width=\"191\" height=\"300\" srcset=\"https:\/\/mr-antoine.fr\/wp-content\/uploads\/2024\/09\/Couverture-Ebook-Adieu-Nicotine-191x300.jpg 191w, https:\/\/mr-antoine.fr\/wp-content\/uploads\/2024\/09\/Couverture-Ebook-Adieu-Nicotine-651x1024.jpg 651w, https:\/\/mr-antoine.fr\/wp-content\/uploads\/2024\/09\/Couverture-Ebook-Adieu-Nicotine-768x1209.jpg 768w, https:\/\/mr-antoine.fr\/wp-content\/uploads\/2024\/09\/Couverture-Ebook-Adieu-Nicotine-976x1536.jpg 976w, https:\/\/mr-antoine.fr\/wp-content\/uploads\/2024\/09\/Couverture-Ebook-Adieu-Nicotine-900x1416.jpg 900w, https:\/\/mr-antoine.fr\/wp-content\/uploads\/2024\/09\/Couverture-Ebook-Adieu-Nicotine.jpg 1058w\" sizes=\"(max-width: 191px) 100vw, 191px\" \/><\/a><p id=\"caption-attachment-10162\" class=\"wp-caption-text\">Lib\u00e9rez-vous du Tabac avec l&rsquo;e-book de Monsieur Antoine : D\u00e9couvrez des techniques naturelles pour arr\u00eater de fumer gr\u00e2ce \u00e0 l&rsquo;auto-hypnose et \u00e0 la r\u00e9flexologie auriculaire. <a href=\"https:\/\/amzn.to\/3XrbEI8\"><strong>Achetez maintenant sur Amazon<\/strong><\/a><\/p><\/div>\r\n<div id=\"attachment_10169\" style=\"width: 202px\" class=\"wp-caption alignnone\"><a href=\"https:\/\/amzn.to\/3Z6nTLm\"><img decoding=\"async\" aria-describedby=\"caption-attachment-10169\" class=\"size-medium wp-image-10169\" src=\"http:\/\/mr-antoine.fr\/wp-content\/uploads\/2024\/09\/Couverture-ebook-liberez-vous-du-sucre-192x300.png\" alt=\"Couverture de l'e-book Lib\u00e9rez-vous du Sucre : Transformez votre Vie avec l'Auto-Hypnose et le Laser - Monsieur Antoine\" width=\"192\" height=\"300\" srcset=\"https:\/\/mr-antoine.fr\/wp-content\/uploads\/2024\/09\/Couverture-ebook-liberez-vous-du-sucre-192x300.png 192w, https:\/\/mr-antoine.fr\/wp-content\/uploads\/2024\/09\/Couverture-ebook-liberez-vous-du-sucre.png 512w\" sizes=\"(max-width: 192px) 100vw, 192px\" \/><\/a><p id=\"caption-attachment-10169\" class=\"wp-caption-text\">Lib\u00e9rez-vous du Sucre avec l&rsquo;e-book de Monsieur Antoine : D\u00e9couvrez comment r\u00e9duire votre consommation de sucre gr\u00e2ce \u00e0 l&rsquo;auto-hypnose et au laser. <a href=\"https:\/\/amzn.to\/3Z6nTLm\"><strong>Achetez maintenant sur Amazon<\/strong><\/a><\/p><\/div>\r\n<div id=\"attachment_10163\" style=\"width: 201px\" class=\"wp-caption alignnone\"><a href=\"https:\/\/amzn.to\/475Nwhv\"><img loading=\"lazy\" decoding=\"async\" aria-describedby=\"caption-attachment-10163\" class=\"size-medium wp-image-10163\" src=\"http:\/\/mr-antoine.fr\/wp-content\/uploads\/2024\/09\/Couverture-Ebook-Sobriete-Mentale-191x300.jpg\" alt=\"Couverture de l'e-book Sobri\u00e9t\u00e9 Mentale : Se passer d'Alcool gr\u00e2ce \u00e0 l'Auto-Hypnose et au Laser - Monsieur Antoine\" width=\"191\" height=\"300\" srcset=\"https:\/\/mr-antoine.fr\/wp-content\/uploads\/2024\/09\/Couverture-Ebook-Sobriete-Mentale-191x300.jpg 191w, https:\/\/mr-antoine.fr\/wp-content\/uploads\/2024\/09\/Couverture-Ebook-Sobriete-Mentale-651x1024.jpg 651w, https:\/\/mr-antoine.fr\/wp-content\/uploads\/2024\/09\/Couverture-Ebook-Sobriete-Mentale-768x1208.jpg 768w, https:\/\/mr-antoine.fr\/wp-content\/uploads\/2024\/09\/Couverture-Ebook-Sobriete-Mentale-976x1536.jpg 976w, https:\/\/mr-antoine.fr\/wp-content\/uploads\/2024\/09\/Couverture-Ebook-Sobriete-Mentale-900x1416.jpg 900w, https:\/\/mr-antoine.fr\/wp-content\/uploads\/2024\/09\/Couverture-Ebook-Sobriete-Mentale.jpg 1055w\" sizes=\"(max-width: 191px) 100vw, 191px\" \/><\/a><p id=\"caption-attachment-10163\" class=\"wp-caption-text\">Sobri\u00e9t\u00e9 Mentale avec l&rsquo;e-book de Monsieur Antoine : Apprenez \u00e0 r\u00e9duire votre consommation d&rsquo;alcool gr\u00e2ce \u00e0 des techniques d&rsquo;auto-hypnose et au laser.<a href=\"https:\/\/amzn.to\/475Nwhv\"><strong> Achetez maintenant sur Amazon<\/strong><\/a><\/p><\/div>\r\n","protected":false},"excerpt":{"rendered":"<p>R\u00e9flexologie Auriculaire et Laser \u00e0 La Frette-sur-Seine (Val d&rsquo;Oise) \u2013 Arr\u00eatez le Tabac, l&rsquo;Alcool et le Sucre avec des Solutions Naturelles Bienvenue chez Monsieur Antoine, votre r\u00e9flexologue auriculaire \u00e0 La Frette-sur-Seine, Val d\u2019Oise. Sp\u00e9cialis\u00e9 dans l\u2019accompagnement pour l\u2019arr\u00eat du tabac et la gestion des addictions \u00e0 l\u2019alcool et au sucre, je vous propose des solutions&hellip;<\/p>\n","protected":false},"author":1,"featured_media":10379,"parent":0,"menu_order":0,"comment_status":"closed","ping_status":"closed","template":"","meta":{"om_disable_all_campaigns":false,"_monsterinsights_skip_tracking":false,"_monsterinsights_sitenote_active":false,"_monsterinsights_sitenote_note":"","_monsterinsights_sitenote_category":0,"_uf_show_specific_survey":0,"_uf_disable_surveys":false,"footnotes":""},"class_list":["post-10230","page","type-page","status-publish","has-post-thumbnail","hentry","description-off"],"aioseo_notices":[],"jetpack_sharing_enabled":true,"_links":{"self":[{"href":"https:\/\/mr-antoine.fr\/index.php\/wp-json\/wp\/v2\/pages\/10230","targetHints":{"allow":["GET"]}}],"collection":[{"href":"https:\/\/mr-antoine.fr\/index.php\/wp-json\/wp\/v2\/pages"}],"about":[{"href":"https:\/\/mr-antoine.fr\/index.php\/wp-json\/wp\/v2\/types\/page"}],"author":[{"embeddable":true,"href":"https:\/\/mr-antoine.fr\/index.php\/wp-json\/wp\/v2\/users\/1"}],"replies":[{"embeddable":true,"href":"https:\/\/mr-antoine.fr\/index.php\/wp-json\/wp\/v2\/comments?post=10230"}],"version-history":[{"count":5,"href":"https:\/\/mr-antoine.fr\/index.php\/wp-json\/wp\/v2\/pages\/10230\/revisions"}],"predecessor-version":[{"id":10381,"href":"https:\/\/mr-antoine.fr\/index.php\/wp-json\/wp\/v2\/pages\/10230\/revisions\/10381"}],"wp:featuredmedia":[{"embeddable":true,"href":"https:\/\/mr-antoine.fr\/index.php\/wp-json\/wp\/v2\/media\/10379"}],"wp:attachment":[{"href":"https:\/\/mr-antoine.fr\/index.php\/wp-json\/wp\/v2\/media?parent=10230"}],"curies":[{"name":"wp","href":"https:\/\/api.w.org\/{rel}","templated":true}]}}