{"id":10228,"date":"2024-09-04T22:38:09","date_gmt":"2024-09-04T20:38:09","guid":{"rendered":"https:\/\/mr-antoine.fr\/?page_id=10228"},"modified":"2024-09-05T22:22:27","modified_gmt":"2024-09-05T20:22:27","slug":"reflexologie-auriculaire-et-laser-a-herblay-sur-seine-val-doise-liberez-vous-du-tabac-de-lalcool-et-du-sucre","status":"publish","type":"page","link":"https:\/\/mr-antoine.fr\/index.php\/reflexologie-auriculaire-et-laser-a-herblay-sur-seine-val-doise-liberez-vous-du-tabac-de-lalcool-et-du-sucre\/","title":{"rendered":"R\u00e9flexologie Auriculaire et Laser \u00e0 Herblay-sur-Seine (Val d&rsquo;Oise) \u2013 Lib\u00e9rez-vous du Tabac, de l&rsquo;Alcool et du Sucre"},"content":{"rendered":"\r\n<div id=\"attachment_10313\" style=\"width: 310px\" class=\"wp-caption alignnone\"><img fetchpriority=\"high\" decoding=\"async\" aria-describedby=\"caption-attachment-10313\" class=\"size-medium wp-image-10313\" src=\"http:\/\/mr-antoine.fr\/wp-content\/uploads\/2024\/09\/Herblay-Laser-Tabac-300x210.jpg\" alt=\"Vue d\u2019Herblay-sur-Seine avec ses quais de Seine, ses maisons traditionnelles et ses espaces verts, illustrant le charme paisible et historique de la ville.\" width=\"300\" height=\"210\" srcset=\"https:\/\/mr-antoine.fr\/wp-content\/uploads\/2024\/09\/Herblay-Laser-Tabac-300x210.jpg 300w, https:\/\/mr-antoine.fr\/wp-content\/uploads\/2024\/09\/Herblay-Laser-Tabac.jpg 750w\" sizes=\"(max-width: 300px) 100vw, 300px\" \/><p id=\"caption-attachment-10313\" class=\"wp-caption-text\"><strong>Herblay-sur-Seine<\/strong> : Une ville pittoresque en bord de Seine. L&rsquo;id\u00e9al, avant ou apr\u00e8s une <strong>s\u00e9ance de r\u00e9flexologie auriculaire<\/strong> avec<strong> Monsieur Antoine<\/strong><\/p><\/div>\r\n<h2 class=\"wp-block-heading\">R\u00e9flexologie Auriculaire et Laser \u00e0 Herblay-sur-Seine (Val d&rsquo;Oise) \u2013 Lib\u00e9rez-vous du Tabac, de l&rsquo;Alcool et du Sucre<\/h2>\r\n<p>&nbsp;<\/p>\r\n\r\n\r\n\r\n<p><strong>Bienvenue chez Monsieur Antoine, votre r\u00e9flexologue auriculaire \u00e0 Herblay-sur-Seine, Val d\u2019Oise.<\/strong> Je suis sp\u00e9cialis\u00e9 dans l\u2019accompagnement pour l\u2019<a href=\"https:\/\/mr-antoine.fr\/index.php\/2024\/08\/23\/larret-du-tabac-de-20-minutes-a-20-ans\/\"><strong>arr\u00eat du tabac<\/strong><\/a> et la gestion des addictions \u00e0 l\u2019<a href=\"https:\/\/mr-antoine.fr\/index.php\/2024\/08\/08\/les-effets-de-larret-de-lalcool-une-vie-transformee-et-des-conseils-pour-le-sevrage\/\"><strong>alcool<\/strong> <\/a>et au <a href=\"https:\/\/mr-antoine.fr\/index.php\/2024\/09\/03\/liberez-vous-du-sucre-le-guide-pratique-pour-transformer-votre-vie\/\">sucre<\/a>, en utilisant des m\u00e9thodes naturelles comme la<a href=\"https:\/\/mr-antoine.fr\/index.php\/2024\/08\/23\/reflexologie-auriculaire-et-laser-un-duo-efficace-pour-le-soulagement-des-douleurs\/\"><strong> r\u00e9flexologie auriculaire et le laser.<\/strong><\/a><\/p>\r\n\r\n\r\n\r\n<h4 class=\"wp-block-heading\">\u00a0<\/h4>\r\n<h3 class=\"wp-block-heading\">Herblay-sur-Seine : Une Ville Historique et Apaisante<\/h3>\r\n\r\n\r\n\r\n<p><strong>Herblay-sur-Seine<\/strong>, charmante commune situ\u00e9e sur les<strong> rives de la Seine<\/strong>, est connue pour son ambiance paisible et son riche patrimoine historique. Avec ses maisons anciennes, ses quais am\u00e9nag\u00e9s et ses espaces verts comme le <strong>parc de la Mairie<\/strong>, <strong>Herblay-sur-Seine<\/strong> offre un cadre propice \u00e0 la d\u00e9tente et au <strong>bien-\u00eatre<\/strong>. Mon activit\u00e9 de<strong> r\u00e9flexologie auriculaire \u00e0 domicile<\/strong> s&rsquo;inscrit parfaitement dans cette ambiance sereine, offrant un environnement id\u00e9al pour entreprendre un <a href=\"https:\/\/mr-antoine.fr\/index.php\/2024\/08\/29\/comment-maintenir-la-motivation-apres-un-sevrage-astuces-et-conseils-pratiques\/\"><strong>parcours de sevrage et de gestion des addictions<\/strong><\/a>.<\/p>\r\n\r\n\r\n\r\n<h3 class=\"wp-block-heading\">\u00a0<\/h3>\r\n<h3 class=\"wp-block-heading\">Arr\u00eat du Tabac, de l&rsquo;Alcool et du Sucre \u00e0 Herblay-sur-Seine<\/h3>\r\n\r\n\r\n\r\n<p>\u00c0 <strong>Herblay-sur-Seine<\/strong>, je propose des s\u00e9ances \u00e0 domicile pour :<\/p>\r\n\r\n\r\n\r\n<ul class=\"wp-block-list\">\r\n<li><strong>Arr\u00eat du Tabac<\/strong> : La<strong> r\u00e9flexologie auriculaire<\/strong> et le <strong>laser tabac<\/strong> sont des approches naturelles et non invasives pour r\u00e9duire les <a href=\"https:\/\/mr-antoine.fr\/index.php\/2024\/09\/03\/adieu-nicotine-le-guide-ultime-pour-arreter-de-fumer-definitivement\/\"><strong>envies de fumer<\/strong><\/a> et faciliter le <strong>sevrage.<\/strong><\/li>\r\n\r\n\r\n\r\n<li><strong>Gestion de l&rsquo;Alcool<\/strong> : La <strong>r\u00e9flexologie<\/strong> aide \u00e0 diminuer les <a href=\"https:\/\/mr-antoine.fr\/index.php\/2024\/09\/03\/sobriete-mentale-le-guide-essentiel-pour-reduire-votre-consommation-dalcool\/\">envies d\u2019<strong>alcool<\/strong><\/a> et \u00e0 g\u00e9rer les \u00e9motions associ\u00e9es au <strong>sevrage<\/strong>, offrant un soutien personnalis\u00e9 pour ceux qui cherchent \u00e0 r\u00e9duire leur consommation.<\/li>\r\n\r\n\r\n\r\n<li><strong>R\u00e9duction des Envies de Sucre<\/strong> : En stimulant des points pr\u00e9cis de l\u2019oreille, la<strong> r\u00e9flexologie<\/strong> peut aider \u00e0 contr\u00f4ler les <a href=\"https:\/\/mr-antoine.fr\/index.php\/2024\/09\/03\/liberez-vous-du-sucre-le-guide-pratique-pour-transformer-votre-vie\/\"><strong>envies de sucre<\/strong><\/a>, contribuant ainsi \u00e0 une meilleure gestion de votre alimentation.<\/li>\r\n<\/ul>\r\n\r\n\r\n\r\n<h4 class=\"wp-block-heading\">\u00a0<\/h4>\r\n<h3 class=\"wp-block-heading\">D\u00e9couvrir Herblay-sur-Seine<\/h3>\r\n\r\n\r\n\r\n<p><strong>Herblay-sur-Seine<\/strong> offre de nombreux points d\u2019int\u00e9r\u00eat, comme les charmants<strong> quais de Seine<\/strong>, parfaits pour une promenade relaxante apr\u00e8s une s\u00e9ance ou la fameuse <strong>Patte d&rsquo;oie d&rsquo;Herblay<\/strong>. Le centre-ville, avec ses boutiques et ses caf\u00e9s, ajoute \u00e0 l&rsquo;attrait de cette ville tranquille. Vous pouvez \u00e9galement visiter l&rsquo;<strong>\u00e9glise Saint-Martin<\/strong>, un monument embl\u00e9matique d&rsquo;<strong>Herblay-sur-Seine<\/strong>.<\/p>\r\n\r\n\r\n\r\n<p><strong>Le centre d&rsquo;Herblay sur Seine est facilement accessible depuis les diff\u00e9rentes parties de la ville, ainsi que des communes voisines telles que <a href=\"https:\/\/mr-antoine.fr\/index.php\/reflexologie-auriculaire-et-laser-a-le-plessis-bouchard-val-doise-arretez-le-tabac-lalcool-et-le-sucre-naturellement\/\">le Plessis-Bouchard<\/a>, <a href=\"https:\/\/mr-antoine.fr\/index.php\/reflexologie-auriculaire-et-laser-a-beauchamp-val-doise-arretez-le-tabac-lalcool-et-le-sucre-naturellement\/\">Beauchamp<\/a>, <a href=\"https:\/\/mr-antoine.fr\/index.php\/reflexologie-auriculaire-et-laser-a-sannois-val-doise-arretez-le-tabac-lalcool-et-le-sucre-naturellement\/\">Sannois<\/a>, <a href=\"https:\/\/mr-antoine.fr\/index.php\/reflexologie-auriculaire-et-laser-a-cormeilles-en-parisis-val-doise-arretez-le-tabac-lalcool-et-le-sucre-naturellement\/\">Cormeilles-en-Parisis<\/a>, <a href=\"https:\/\/mr-antoine.fr\/index.php\/reflexologie-auriculaire-et-laser-a-montigny-les-cormeilles-val-doise-solutions-naturelles-pour-arreter-le-tabac-lalcool-et-le-sucre\/\">Montigny-l\u00e8s-Cormeilles<\/a>, <a href=\"https:\/\/mr-antoine.fr\/index.php\/reflexologie-auriculaire-et-laser-a-pierrelaye-val-doise-arretez-le-tabac-lalcool-et-le-sucre-avec-des-solutions-naturelles\/\">Pierrelaye<\/a>, <a href=\"https:\/\/mr-antoine.fr\/index.php\/reflexologie-auriculaire-et-laser-a-saint-prix-val-doise-arretez-le-tabac-lalcool-et-le-sucre-naturellement\/\">Saint-Prix<\/a>, <a href=\"https:\/\/mr-antoine.fr\/index.php\/reflexologie-auriculaire-et-laser-a-saint-leu-la-foret-val-doise-arretez-le-tabac-lalcool-et-le-sucre-avec-des-solutions-naturelles\/\">Saint-Leu-la-For\u00eat,<\/a> <a href=\"https:\/\/mr-antoine.fr\/index.php\/reflexologie-auriculaire-et-laser-a-taverny-val-doise-arretez-le-tabac-lalcool-et-le-sucre-naturellement\/\">Taverny<\/a>, <a href=\"https:\/\/mr-antoine.fr\/index.php\/reflexologie-auriculaire-et-laser-a-franconville-val-doise-arret-du-tabac-de-lalcool-et-du-sucre\/\">Franconville<\/a>, <a href=\"https:\/\/mr-antoine.fr\/index.php\/reflexologie-auriculaire-et-laser-a-eaubonne-val-doise-solutions-naturelles-pour-arreter-le-tabac-lalcool-et-le-sucre\/\">Eaubonne<\/a>, <a href=\"https:\/\/mr-antoine.fr\/index.php\/reflexologie-auriculaire-et-laser-a-ermont-val-doise-arretez-le-tabac-lalcool-et-le-sucre-avec-des-solutions-naturelles\/\">Ermont<\/a>, <a href=\"https:\/\/mr-antoine.fr\/index.php\/reflexologie-auriculaire-et-laser-a-la-frette-sur-seine-val-doise-arretez-le-tabac-lalcool-et-le-sucre-avec-des-solutions-naturelles\/\">la-Frette-sur-Seine<\/a>, <a href=\"https:\/\/mr-antoine.fr\/index.php\/reflexologie-auriculaire-et-laser-a-enghien-les-bains-val-doise-arretez-le-tabac-lalcool-et-le-sucre-avec-des-solutions-naturelles\/\">Enghien-les-Bains<\/a>, <a href=\"https:\/\/mr-antoine.fr\/index.php\/reflexologie-auriculaire-et-laser-a-saint-gratien-val-doise-solutions-naturelles-pour-arreter-le-tabac-lalcool-et-le-sucre\/\">Saint-Gratien<\/a>, <a href=\"https:\/\/mr-antoine.fr\/index.php\/reflexologie-auriculaire-et-laser-a-montmorency-val-doise-arretez-le-tabac-lalcool-et-le-sucre-naturellement\/\">Montmorency<\/a>, etc&#8230; avec des possibilit\u00e9s de stationnement \u00e0 proximit\u00e9.<\/strong><\/p>\r\n\r\n\r\n\r\n<h4 class=\"wp-block-heading\">\u00a0<\/h4>\r\n<h3 class=\"wp-block-heading\">Prenez Rendez-Vous \u00e0 Herblay-sur-Seine<\/h3>\r\n\r\n\r\n\r\n<p>Pr\u00eat \u00e0 d\u00e9marrer votre parcours vers une<strong> vie sans d\u00e9pendances<\/strong> ? <a href=\"http:\/\/www.mr-antoine.fr\"><strong>Contactez-moi<\/strong> <\/a>d\u00e8s maintenant sur mon site (par mail), en DM sur mes <strong>r\u00e9seaux sociaux<\/strong> ou via <strong>WhatsApp<\/strong> au 07.75.77.32.52 pour planifier votre premi\u00e8re <strong>s\u00e9ance de r\u00e9flexologie auriculaire \u00e0 Herblay-sur-Seine<\/strong>. Ensemble, nous \u00e9tablirons un programme adapt\u00e9 \u00e0 vos besoins pour vous aider \u00e0 <strong>arr\u00eater le tabac, l&rsquo;alcool ou le sucre<\/strong>.<\/p>\r\n<p>&nbsp;<\/p>\r\n<div id=\"attachment_10162\" style=\"width: 201px\" class=\"wp-caption alignnone\"><a href=\"https:\/\/amzn.to\/3XrbEI8\"><img decoding=\"async\" aria-describedby=\"caption-attachment-10162\" class=\"size-medium wp-image-10162\" src=\"http:\/\/mr-antoine.fr\/wp-content\/uploads\/2024\/09\/Couverture-Ebook-Adieu-Nicotine-191x300.jpg\" alt=\"Couverture de l'e-book Adieu Nicotine : Votre guide pour cesser de fumer d\u00e9finitivement - Monsieur Antoine\" width=\"191\" height=\"300\" srcset=\"https:\/\/mr-antoine.fr\/wp-content\/uploads\/2024\/09\/Couverture-Ebook-Adieu-Nicotine-191x300.jpg 191w, https:\/\/mr-antoine.fr\/wp-content\/uploads\/2024\/09\/Couverture-Ebook-Adieu-Nicotine-651x1024.jpg 651w, https:\/\/mr-antoine.fr\/wp-content\/uploads\/2024\/09\/Couverture-Ebook-Adieu-Nicotine-768x1209.jpg 768w, https:\/\/mr-antoine.fr\/wp-content\/uploads\/2024\/09\/Couverture-Ebook-Adieu-Nicotine-976x1536.jpg 976w, https:\/\/mr-antoine.fr\/wp-content\/uploads\/2024\/09\/Couverture-Ebook-Adieu-Nicotine-900x1416.jpg 900w, https:\/\/mr-antoine.fr\/wp-content\/uploads\/2024\/09\/Couverture-Ebook-Adieu-Nicotine.jpg 1058w\" sizes=\"(max-width: 191px) 100vw, 191px\" \/><\/a><p id=\"caption-attachment-10162\" class=\"wp-caption-text\">Lib\u00e9rez-vous du Tabac avec l&rsquo;e-book de Monsieur Antoine : D\u00e9couvrez des techniques naturelles pour arr\u00eater de fumer gr\u00e2ce \u00e0 l&rsquo;auto-hypnose et \u00e0 la r\u00e9flexologie auriculaire. <a href=\"https:\/\/amzn.to\/3XrbEI8\">Achetez maintenant sur Amazon<\/a><\/p><\/div>\r\n<div id=\"attachment_10169\" style=\"width: 202px\" class=\"wp-caption alignnone\"><a href=\"https:\/\/amzn.to\/3Z6nTLm\"><img decoding=\"async\" aria-describedby=\"caption-attachment-10169\" class=\"size-medium wp-image-10169\" src=\"http:\/\/mr-antoine.fr\/wp-content\/uploads\/2024\/09\/Couverture-ebook-liberez-vous-du-sucre-192x300.png\" alt=\"Couverture de l'e-book Lib\u00e9rez-vous du Sucre : Transformez votre Vie avec l'Auto-Hypnose et le Laser - Monsieur Antoine\" width=\"192\" height=\"300\" srcset=\"https:\/\/mr-antoine.fr\/wp-content\/uploads\/2024\/09\/Couverture-ebook-liberez-vous-du-sucre-192x300.png 192w, https:\/\/mr-antoine.fr\/wp-content\/uploads\/2024\/09\/Couverture-ebook-liberez-vous-du-sucre.png 512w\" sizes=\"(max-width: 192px) 100vw, 192px\" \/><\/a><p id=\"caption-attachment-10169\" class=\"wp-caption-text\">Lib\u00e9rez-vous du Sucre avec l&rsquo;e-book de Monsieur Antoine : D\u00e9couvrez comment r\u00e9duire votre consommation de sucre gr\u00e2ce \u00e0 l&rsquo;auto-hypnose et au laser. <a href=\"https:\/\/amzn.to\/3Z6nTLm\">Achetez maintenant sur Amazon<\/a><\/p><\/div>\r\n<div id=\"attachment_10163\" style=\"width: 201px\" class=\"wp-caption alignnone\"><a href=\"https:\/\/amzn.to\/475Nwhv\"><img loading=\"lazy\" decoding=\"async\" aria-describedby=\"caption-attachment-10163\" class=\"size-medium wp-image-10163\" src=\"http:\/\/mr-antoine.fr\/wp-content\/uploads\/2024\/09\/Couverture-Ebook-Sobriete-Mentale-191x300.jpg\" alt=\"Couverture de l'e-book Sobri\u00e9t\u00e9 Mentale : Se passer d'Alcool gr\u00e2ce \u00e0 l'Auto-Hypnose et au Laser - Monsieur Antoine\" width=\"191\" height=\"300\" srcset=\"https:\/\/mr-antoine.fr\/wp-content\/uploads\/2024\/09\/Couverture-Ebook-Sobriete-Mentale-191x300.jpg 191w, https:\/\/mr-antoine.fr\/wp-content\/uploads\/2024\/09\/Couverture-Ebook-Sobriete-Mentale-651x1024.jpg 651w, https:\/\/mr-antoine.fr\/wp-content\/uploads\/2024\/09\/Couverture-Ebook-Sobriete-Mentale-768x1208.jpg 768w, https:\/\/mr-antoine.fr\/wp-content\/uploads\/2024\/09\/Couverture-Ebook-Sobriete-Mentale-976x1536.jpg 976w, https:\/\/mr-antoine.fr\/wp-content\/uploads\/2024\/09\/Couverture-Ebook-Sobriete-Mentale-900x1416.jpg 900w, https:\/\/mr-antoine.fr\/wp-content\/uploads\/2024\/09\/Couverture-Ebook-Sobriete-Mentale.jpg 1055w\" sizes=\"(max-width: 191px) 100vw, 191px\" \/><\/a><p id=\"caption-attachment-10163\" class=\"wp-caption-text\">Sobri\u00e9t\u00e9 Mentale avec l&rsquo;e-book de Monsieur Antoine : Apprenez \u00e0 r\u00e9duire votre consommation d&rsquo;alcool gr\u00e2ce \u00e0 des techniques d&rsquo;auto-hypnose et au laser. <a href=\"https:\/\/amzn.to\/475Nwhv\">Achetez maintenant sur Amazon<\/a><\/p><\/div>\r\n","protected":false},"excerpt":{"rendered":"<p>R\u00e9flexologie Auriculaire et Laser \u00e0 Herblay-sur-Seine (Val d&rsquo;Oise) \u2013 Lib\u00e9rez-vous du Tabac, de l&rsquo;Alcool et du Sucre &nbsp; Bienvenue chez Monsieur Antoine, votre r\u00e9flexologue auriculaire \u00e0 Herblay-sur-Seine, Val d\u2019Oise. Je suis sp\u00e9cialis\u00e9 dans l\u2019accompagnement pour l\u2019arr\u00eat du tabac et la gestion des addictions \u00e0 l\u2019alcool et au sucre, en utilisant des m\u00e9thodes naturelles comme la&hellip;<\/p>\n","protected":false},"author":1,"featured_media":10313,"parent":0,"menu_order":0,"comment_status":"closed","ping_status":"closed","template":"","meta":{"om_disable_all_campaigns":false,"_monsterinsights_skip_tracking":false,"_monsterinsights_sitenote_active":false,"_monsterinsights_sitenote_note":"","_monsterinsights_sitenote_category":0,"_uf_show_specific_survey":0,"_uf_disable_surveys":false,"footnotes":""},"class_list":["post-10228","page","type-page","status-publish","has-post-thumbnail","hentry","description-off"],"aioseo_notices":[],"jetpack_sharing_enabled":true,"_links":{"self":[{"href":"https:\/\/mr-antoine.fr\/index.php\/wp-json\/wp\/v2\/pages\/10228","targetHints":{"allow":["GET"]}}],"collection":[{"href":"https:\/\/mr-antoine.fr\/index.php\/wp-json\/wp\/v2\/pages"}],"about":[{"href":"https:\/\/mr-antoine.fr\/index.php\/wp-json\/wp\/v2\/types\/page"}],"author":[{"embeddable":true,"href":"https:\/\/mr-antoine.fr\/index.php\/wp-json\/wp\/v2\/users\/1"}],"replies":[{"embeddable":true,"href":"https:\/\/mr-antoine.fr\/index.php\/wp-json\/wp\/v2\/comments?post=10228"}],"version-history":[{"count":4,"href":"https:\/\/mr-antoine.fr\/index.php\/wp-json\/wp\/v2\/pages\/10228\/revisions"}],"predecessor-version":[{"id":10364,"href":"https:\/\/mr-antoine.fr\/index.php\/wp-json\/wp\/v2\/pages\/10228\/revisions\/10364"}],"wp:featuredmedia":[{"embeddable":true,"href":"https:\/\/mr-antoine.fr\/index.php\/wp-json\/wp\/v2\/media\/10313"}],"wp:attachment":[{"href":"https:\/\/mr-antoine.fr\/index.php\/wp-json\/wp\/v2\/media?parent=10228"}],"curies":[{"name":"wp","href":"https:\/\/api.w.org\/{rel}","templated":true}]}}