{"id":10227,"date":"2024-09-04T22:34:43","date_gmt":"2024-09-04T20:34:43","guid":{"rendered":"https:\/\/mr-antoine.fr\/?page_id=10227"},"modified":"2024-09-05T22:20:45","modified_gmt":"2024-09-05T20:20:45","slug":"reflexologie-auriculaire-et-laser-a-franconville-val-doise-arret-du-tabac-de-lalcool-et-du-sucre","status":"publish","type":"page","link":"https:\/\/mr-antoine.fr\/index.php\/reflexologie-auriculaire-et-laser-a-franconville-val-doise-arret-du-tabac-de-lalcool-et-du-sucre\/","title":{"rendered":"R\u00e9flexologie Auriculaire et Laser \u00e0 Franconville (Val d&rsquo;Oise) \u2013 Arr\u00eat du Tabac, de l&rsquo;Alcool et du Sucre"},"content":{"rendered":"\r\n<div id=\"attachment_10306\" style=\"width: 310px\" class=\"wp-caption alignnone\"><img fetchpriority=\"high\" decoding=\"async\" aria-describedby=\"caption-attachment-10306\" class=\"size-medium wp-image-10306\" src=\"http:\/\/mr-antoine.fr\/wp-content\/uploads\/2024\/09\/Franconville-Laser-Tabac-300x228.jpg\" alt=\"Vue de Franconville avec ses b\u00e2timents modernes, parcs et avenues commer\u00e7antes, refl\u00e9tant le dynamisme et l\u2019accessibilit\u00e9 de la ville.\" width=\"300\" height=\"228\" srcset=\"https:\/\/mr-antoine.fr\/wp-content\/uploads\/2024\/09\/Franconville-Laser-Tabac-300x228.jpg 300w, https:\/\/mr-antoine.fr\/wp-content\/uploads\/2024\/09\/Franconville-Laser-Tabac.jpg 750w\" sizes=\"(max-width: 300px) 100vw, 300px\" \/><p id=\"caption-attachment-10306\" class=\"wp-caption-text\"><strong>Franconville<\/strong> : Une ville dynamique et bien connect\u00e9e du<strong> Val d\u2019Oise<\/strong>. Le lieu id\u00e9al pour faire une <strong>s\u00e9ance de r\u00e9flexologie auriculaire<\/strong><\/p><\/div>\r\n<h2 class=\"wp-block-heading\">R\u00e9flexologie Auriculaire et Laser \u00e0 Franconville (Val d&rsquo;Oise) \u2013 Arr\u00eat du Tabac, de l&rsquo;Alcool et du Sucre<\/h2>\r\n\r\n\r\n\r\n<p><strong>Bienvenue chez Monsieur Antoine, votre r\u00e9flexologue auriculaire \u00e0 Franconville, Val d\u2019Oise.<\/strong> Je vous propose des <strong>m\u00e9thodes naturelles<\/strong> et efficaces pour <a href=\"https:\/\/mr-antoine.fr\/index.php\/2024\/08\/23\/larret-du-tabac-de-20-minutes-a-20-ans\/\"><strong>arr\u00eater le tabac<\/strong><\/a>, ainsi que pour g\u00e9rer les addictions \u00e0 l&rsquo;<a href=\"https:\/\/mr-antoine.fr\/index.php\/2024\/08\/08\/les-effets-de-larret-de-lalcool-une-vie-transformee-et-des-conseils-pour-le-sevrage\/\"><strong>alcool<\/strong><\/a> et au <a href=\"https:\/\/mr-antoine.fr\/index.php\/2024\/08\/29\/limpact-du-sevrage-du-sucre-sur-la-sante-mentale-ce-que-vous-devez-savoir\/\"><strong>sucre<\/strong><\/a>, en utilisant la <a href=\"https:\/\/mr-antoine.fr\/index.php\/2024\/08\/23\/reflexologie-auriculaire-et-laser-un-duo-efficace-pour-le-soulagement-des-douleurs\/\"><strong>r\u00e9flexologie auriculaire et le laser.<\/strong><\/a><\/p>\r\n<p>&nbsp;<\/p>\r\n\r\n\r\n\r\n<h3 class=\"wp-block-heading\">Franconville : Une Ville Dynamique du Val d\u2019Oise<\/h3>\r\n\r\n\r\n\r\n<p><strong>Franconville<\/strong>, situ\u00e9e \u00e0 seulement quelques kilom\u00e8tres de Paris, est une ville anim\u00e9e qui combine modernit\u00e9 et tradition. Avec ses nombreux parcs, comme <strong>le parc Cadet de Vaux<\/strong> et le <strong>parc de la Source<\/strong>, <strong>Franconville<\/strong> offre un cadre id\u00e9al pour se ressourcer. <strong>Franconville<\/strong> est id\u00e9alement situ\u00e9 pour les habitants cherchant \u00e0 entreprendre un parcours de<a href=\"https:\/\/mr-antoine.fr\/index.php\/2024\/08\/29\/comment-maintenir-la-motivation-apres-un-sevrage-astuces-et-conseils-pratiques\/\"><strong> sevrage tabagique<\/strong><\/a> ou de <strong>gestion des addictions<\/strong>, avec un acc\u00e8s facile et des horaires adapt\u00e9s.<\/p>\r\n<p>&nbsp;<\/p>\r\n\r\n\r\n\r\n<h3 class=\"wp-block-heading\">Arr\u00eat du Tabac, de l&rsquo;Alcool et du Sucre \u00e0 Franconville<\/h3>\r\n\r\n\r\n\r\n<p><strong>Monsieur Antoine<\/strong>, sur la commune de <strong>Franconville<\/strong>, propose des <strong>s\u00e9ances \u00e0 domicile<\/strong> personnalis\u00e9es pour :<\/p>\r\n\r\n\r\n\r\n<ul class=\"wp-block-list\">\r\n<li><strong>Arr\u00eat du Tabac<\/strong> : Gr\u00e2ce \u00e0 la<strong> r\u00e9flexologie auriculaire<\/strong> et au <strong>laser<\/strong>, nous travaillons sur les points r\u00e9flexes de l&rsquo;oreille pour diminuer les<a href=\"https:\/\/mr-antoine.fr\/index.php\/2024\/09\/03\/adieu-nicotine-le-guide-ultime-pour-arreter-de-fumer-definitivement\/\"><strong> envies de fumer<\/strong><\/a> et les<strong> sympt\u00f4mes de sevrage.<\/strong><\/li>\r\n\r\n\r\n\r\n<li><strong>Gestion de l&rsquo;Alcool<\/strong> : La <strong>r\u00e9flexologie auriculaire<\/strong> est \u00e9galement efficace pour ceux qui cherchent \u00e0 r\u00e9duire leur <a href=\"https:\/\/mr-antoine.fr\/index.php\/2024\/09\/03\/sobriete-mentale-le-guide-essentiel-pour-reduire-votre-consommation-dalcool\/\"><strong>consommation d\u2019alcool<\/strong><\/a>, en offrant un soutien naturel pour mieux g\u00e9rer les envies et le stress.<\/li>\r\n\r\n\r\n\r\n<li><strong>R\u00e9duction des Envies de Sucre<\/strong> : Si vous souhaitez contr\u00f4ler votre <a href=\"https:\/\/mr-antoine.fr\/index.php\/2024\/09\/03\/liberez-vous-du-sucre-le-guide-pratique-pour-transformer-votre-vie\/\"><strong>consommation de sucre<\/strong><\/a>, la <strong>r\u00e9flexologie<\/strong> peut aider \u00e0 diminuer les<strong> envies compulsives<\/strong>, favorisant une meilleure gestion de votre <strong>alimentation<\/strong>.<\/li>\r\n<\/ul>\r\n\r\n\r\n\r\n<h3 class=\"wp-block-heading\">\u00a0<\/h3>\r\n<h3 class=\"wp-block-heading\">D\u00e9couvrir Franconville Apr\u00e8s Votre S\u00e9ance<\/h3>\r\n\r\n\r\n\r\n<p><strong>Franconville<\/strong> est une ville riche en activit\u00e9s et en espaces de d\u00e9tente. Apr\u00e8s votre s\u00e9ance, profitez d&rsquo;une balade dans le <strong>parc Cadet de Vaux<\/strong> ou explorez le centre commercial du centre ville et ses arcades. La ville est bien desservie par les transports en commun, facilitant l\u2019acc\u00e8s pour les r\u00e9sidents des communes voisines.<\/p>\r\n\r\n\r\n\r\n<p><strong>Franconville est facilement accessible depuis les principales routes et gares, avec un stationnement disponible pour les visiteurs. Les villes voisines sont <a href=\"https:\/\/mr-antoine.fr\/index.php\/reflexologie-auriculaire-et-laser-a-le-plessis-bouchard-val-doise-arretez-le-tabac-lalcool-et-le-sucre-naturellement\/\">le Plessis-Bouchard<\/a>, <a href=\"https:\/\/mr-antoine.fr\/index.php\/reflexologie-auriculaire-et-laser-a-beauchamp-val-doise-arretez-le-tabac-lalcool-et-le-sucre-naturellement\/\">Beauchamp<\/a>, <a href=\"https:\/\/mr-antoine.fr\/index.php\/reflexologie-auriculaire-et-laser-a-sannois-val-doise-arretez-le-tabac-lalcool-et-le-sucre-naturellement\/\">Sannois<\/a>, <a href=\"https:\/\/mr-antoine.fr\/index.php\/reflexologie-auriculaire-et-laser-a-herblay-sur-seine-val-doise-liberez-vous-du-tabac-de-lalcool-et-du-sucre\/\">Herblay<\/a>, <a href=\"https:\/\/mr-antoine.fr\/index.php\/reflexologie-auriculaire-et-laser-a-cormeilles-en-parisis-val-doise-arretez-le-tabac-lalcool-et-le-sucre-naturellement\/\">Cormeilles-en-Parisis<\/a>, <a href=\"https:\/\/mr-antoine.fr\/index.php\/reflexologie-auriculaire-et-laser-a-montigny-les-cormeilles-val-doise-solutions-naturelles-pour-arreter-le-tabac-lalcool-et-le-sucre\/\">Montigny-l\u00e8s-Cormeilles<\/a>, <a href=\"https:\/\/mr-antoine.fr\/index.php\/reflexologie-auriculaire-et-laser-a-pierrelaye-val-doise-arretez-le-tabac-lalcool-et-le-sucre-avec-des-solutions-naturelles\/\">Pierrelaye<\/a>, <a href=\"https:\/\/mr-antoine.fr\/index.php\/reflexologie-auriculaire-et-laser-a-saint-prix-val-doise-arretez-le-tabac-lalcool-et-le-sucre-naturellement\/\">Saint-Prix<\/a>, <a href=\"https:\/\/mr-antoine.fr\/index.php\/reflexologie-auriculaire-et-laser-a-saint-leu-la-foret-val-doise-arretez-le-tabac-lalcool-et-le-sucre-avec-des-solutions-naturelles\/\">Saint-Leu-la-For\u00eat,<\/a> <a href=\"https:\/\/mr-antoine.fr\/index.php\/reflexologie-auriculaire-et-laser-a-taverny-val-doise-arretez-le-tabac-lalcool-et-le-sucre-naturellement\/\">Taverny<\/a>, <a href=\"https:\/\/mr-antoine.fr\/index.php\/reflexologie-auriculaire-et-laser-a-franconville-val-doise-arret-du-tabac-de-lalcool-et-du-sucre\/\">Franconville<\/a>, <a href=\"https:\/\/mr-antoine.fr\/index.php\/reflexologie-auriculaire-et-laser-a-eaubonne-val-doise-solutions-naturelles-pour-arreter-le-tabac-lalcool-et-le-sucre\/\">Eaubonne<\/a>, <a href=\"https:\/\/mr-antoine.fr\/index.php\/reflexologie-auriculaire-et-laser-a-ermont-val-doise-arretez-le-tabac-lalcool-et-le-sucre-avec-des-solutions-naturelles\/\">Ermont<\/a>, <a href=\"https:\/\/mr-antoine.fr\/index.php\/reflexologie-auriculaire-et-laser-a-la-frette-sur-seine-val-doise-arretez-le-tabac-lalcool-et-le-sucre-avec-des-solutions-naturelles\/\">la-Frette-sur-Seine<\/a>, <a href=\"https:\/\/mr-antoine.fr\/index.php\/reflexologie-auriculaire-et-laser-a-enghien-les-bains-val-doise-arretez-le-tabac-lalcool-et-le-sucre-avec-des-solutions-naturelles\/\">Enghien-les-Bains<\/a>, <a href=\"https:\/\/mr-antoine.fr\/index.php\/reflexologie-auriculaire-et-laser-a-saint-gratien-val-doise-solutions-naturelles-pour-arreter-le-tabac-lalcool-et-le-sucre\/\">Saint-Gratien<\/a>, <a href=\"https:\/\/mr-antoine.fr\/index.php\/reflexologie-auriculaire-et-laser-a-montmorency-val-doise-arretez-le-tabac-lalcool-et-le-sucre-naturellement\/\">Montmorency<\/a>, \u00a0etc&#8230;<\/strong><\/p>\r\n<p>&nbsp;<\/p>\r\n\r\n\r\n\r\n<h3 class=\"wp-block-heading\">Prenez Rendez-Vous \u00e0 Franconville<\/h3>\r\n\r\n\r\n\r\n<p>Pr\u00eat \u00e0 franchir le pas vers une <strong>vie lib\u00e9r\u00e9e des d\u00e9pendances<\/strong> ? <a href=\"http:\/\/www.mr-antoine.fr\"><strong>Contactez-moi<\/strong><\/a> pour prendre rendez-vous \u00e0 <strong>Franconville<\/strong>\u00a0via mon site internet (mail), mes r\u00e9seaux sociaux (DM) ou par message WhatsApp au 07.75.77.32.52 Ensemble, nous \u00e9tablirons un plan adapt\u00e9 \u00e0 vos besoins pour vous aider \u00e0 <strong>arr\u00eater de mani\u00e8re d\u00e9finitive le tabac, l&rsquo;alcool ou le sucre<\/strong>.<\/p>\r\n<p>&nbsp;<\/p>\r\n<div id=\"attachment_10162\" style=\"width: 201px\" class=\"wp-caption alignnone\"><a href=\"https:\/\/amzn.to\/3XrbEI8\"><img decoding=\"async\" aria-describedby=\"caption-attachment-10162\" class=\"size-medium wp-image-10162\" src=\"http:\/\/mr-antoine.fr\/wp-content\/uploads\/2024\/09\/Couverture-Ebook-Adieu-Nicotine-191x300.jpg\" alt=\"Couverture de l'e-book Adieu Nicotine : Votre guide pour cesser de fumer d\u00e9finitivement - Monsieur Antoine\" width=\"191\" height=\"300\" srcset=\"https:\/\/mr-antoine.fr\/wp-content\/uploads\/2024\/09\/Couverture-Ebook-Adieu-Nicotine-191x300.jpg 191w, https:\/\/mr-antoine.fr\/wp-content\/uploads\/2024\/09\/Couverture-Ebook-Adieu-Nicotine-651x1024.jpg 651w, https:\/\/mr-antoine.fr\/wp-content\/uploads\/2024\/09\/Couverture-Ebook-Adieu-Nicotine-768x1209.jpg 768w, https:\/\/mr-antoine.fr\/wp-content\/uploads\/2024\/09\/Couverture-Ebook-Adieu-Nicotine-976x1536.jpg 976w, https:\/\/mr-antoine.fr\/wp-content\/uploads\/2024\/09\/Couverture-Ebook-Adieu-Nicotine-900x1416.jpg 900w, https:\/\/mr-antoine.fr\/wp-content\/uploads\/2024\/09\/Couverture-Ebook-Adieu-Nicotine.jpg 1058w\" sizes=\"(max-width: 191px) 100vw, 191px\" \/><\/a><p id=\"caption-attachment-10162\" class=\"wp-caption-text\">Lib\u00e9rez-vous du Tabac avec l&rsquo;e-book de Monsieur Antoine : D\u00e9couvrez des techniques naturelles pour arr\u00eater de fumer gr\u00e2ce \u00e0 l&rsquo;auto-hypnose et \u00e0 la r\u00e9flexologie auriculaire. <a href=\"https:\/\/amzn.to\/3XrbEI8\">Achetez maintenant sur Amazon<\/a><\/p><\/div>\r\n<div id=\"attachment_10169\" style=\"width: 202px\" class=\"wp-caption alignnone\"><a href=\"https:\/\/amzn.to\/3XrbEI8\"><img decoding=\"async\" aria-describedby=\"caption-attachment-10169\" class=\"size-medium wp-image-10169\" src=\"http:\/\/mr-antoine.fr\/wp-content\/uploads\/2024\/09\/Couverture-ebook-liberez-vous-du-sucre-192x300.png\" alt=\"Couverture de l'e-book Lib\u00e9rez-vous du Sucre : Transformez votre Vie avec l'Auto-Hypnose et le Laser - Monsieur Antoine\" width=\"192\" height=\"300\" srcset=\"https:\/\/mr-antoine.fr\/wp-content\/uploads\/2024\/09\/Couverture-ebook-liberez-vous-du-sucre-192x300.png 192w, https:\/\/mr-antoine.fr\/wp-content\/uploads\/2024\/09\/Couverture-ebook-liberez-vous-du-sucre.png 512w\" sizes=\"(max-width: 192px) 100vw, 192px\" \/><\/a><p id=\"caption-attachment-10169\" class=\"wp-caption-text\">Lib\u00e9rez-vous du Sucre avec l&rsquo;e-book de Monsieur Antoine : D\u00e9couvrez comment r\u00e9duire votre consommation de sucre gr\u00e2ce \u00e0 l&rsquo;auto-hypnose et au laser. <a href=\"https:\/\/amzn.to\/3XrbEI8\">Achetez maintenant sur Amazon<\/a><\/p><\/div>\r\n<div id=\"attachment_10163\" style=\"width: 201px\" class=\"wp-caption alignnone\"><a href=\"https:\/\/amzn.to\/475Nwhv\"><img loading=\"lazy\" decoding=\"async\" aria-describedby=\"caption-attachment-10163\" class=\"size-medium wp-image-10163\" src=\"http:\/\/mr-antoine.fr\/wp-content\/uploads\/2024\/09\/Couverture-Ebook-Sobriete-Mentale-191x300.jpg\" alt=\"Couverture de l'e-book Sobri\u00e9t\u00e9 Mentale : Se passer d'Alcool gr\u00e2ce \u00e0 l'Auto-Hypnose et au Laser - Monsieur Antoine\" width=\"191\" height=\"300\" srcset=\"https:\/\/mr-antoine.fr\/wp-content\/uploads\/2024\/09\/Couverture-Ebook-Sobriete-Mentale-191x300.jpg 191w, https:\/\/mr-antoine.fr\/wp-content\/uploads\/2024\/09\/Couverture-Ebook-Sobriete-Mentale-651x1024.jpg 651w, https:\/\/mr-antoine.fr\/wp-content\/uploads\/2024\/09\/Couverture-Ebook-Sobriete-Mentale-768x1208.jpg 768w, https:\/\/mr-antoine.fr\/wp-content\/uploads\/2024\/09\/Couverture-Ebook-Sobriete-Mentale-976x1536.jpg 976w, https:\/\/mr-antoine.fr\/wp-content\/uploads\/2024\/09\/Couverture-Ebook-Sobriete-Mentale-900x1416.jpg 900w, https:\/\/mr-antoine.fr\/wp-content\/uploads\/2024\/09\/Couverture-Ebook-Sobriete-Mentale.jpg 1055w\" sizes=\"(max-width: 191px) 100vw, 191px\" \/><\/a><p id=\"caption-attachment-10163\" class=\"wp-caption-text\">Sobri\u00e9t\u00e9 Mentale avec l&rsquo;e-book de Monsieur Antoine : Apprenez \u00e0 r\u00e9duire votre consommation d&rsquo;alcool gr\u00e2ce \u00e0 des techniques d&rsquo;auto-hypnose et au laser. <a href=\"https:\/\/amzn.to\/475Nwhv\">Achetez maintenant sur Amazon<\/a><\/p><\/div>\r\n","protected":false},"excerpt":{"rendered":"<p>R\u00e9flexologie Auriculaire et Laser \u00e0 Franconville (Val d&rsquo;Oise) \u2013 Arr\u00eat du Tabac, de l&rsquo;Alcool et du Sucre Bienvenue chez Monsieur Antoine, votre r\u00e9flexologue auriculaire \u00e0 Franconville, Val d\u2019Oise. Je vous propose des m\u00e9thodes naturelles et efficaces pour arr\u00eater le tabac, ainsi que pour g\u00e9rer les addictions \u00e0 l&rsquo;alcool et au sucre, en utilisant la r\u00e9flexologie&hellip;<\/p>\n","protected":false},"author":1,"featured_media":10306,"parent":0,"menu_order":0,"comment_status":"closed","ping_status":"closed","template":"","meta":{"om_disable_all_campaigns":false,"_monsterinsights_skip_tracking":false,"_monsterinsights_sitenote_active":false,"_monsterinsights_sitenote_note":"","_monsterinsights_sitenote_category":0,"_uf_show_specific_survey":0,"_uf_disable_surveys":false,"footnotes":""},"class_list":["post-10227","page","type-page","status-publish","has-post-thumbnail","hentry","description-off"],"aioseo_notices":[],"jetpack_sharing_enabled":true,"_links":{"self":[{"href":"https:\/\/mr-antoine.fr\/index.php\/wp-json\/wp\/v2\/pages\/10227","targetHints":{"allow":["GET"]}}],"collection":[{"href":"https:\/\/mr-antoine.fr\/index.php\/wp-json\/wp\/v2\/pages"}],"about":[{"href":"https:\/\/mr-antoine.fr\/index.php\/wp-json\/wp\/v2\/types\/page"}],"author":[{"embeddable":true,"href":"https:\/\/mr-antoine.fr\/index.php\/wp-json\/wp\/v2\/users\/1"}],"replies":[{"embeddable":true,"href":"https:\/\/mr-antoine.fr\/index.php\/wp-json\/wp\/v2\/comments?post=10227"}],"version-history":[{"count":4,"href":"https:\/\/mr-antoine.fr\/index.php\/wp-json\/wp\/v2\/pages\/10227\/revisions"}],"predecessor-version":[{"id":10363,"href":"https:\/\/mr-antoine.fr\/index.php\/wp-json\/wp\/v2\/pages\/10227\/revisions\/10363"}],"wp:featuredmedia":[{"embeddable":true,"href":"https:\/\/mr-antoine.fr\/index.php\/wp-json\/wp\/v2\/media\/10306"}],"wp:attachment":[{"href":"https:\/\/mr-antoine.fr\/index.php\/wp-json\/wp\/v2\/media?parent=10227"}],"curies":[{"name":"wp","href":"https:\/\/api.w.org\/{rel}","templated":true}]}}