{"id":10226,"date":"2024-09-04T22:32:00","date_gmt":"2024-09-04T20:32:00","guid":{"rendered":"https:\/\/mr-antoine.fr\/?page_id=10226"},"modified":"2024-09-06T10:40:00","modified_gmt":"2024-09-06T08:40:00","slug":"reflexologie-auriculaire-et-laser-a-ermont-val-doise-arretez-le-tabac-lalcool-et-le-sucre-avec-des-solutions-naturelles","status":"publish","type":"page","link":"https:\/\/mr-antoine.fr\/index.php\/reflexologie-auriculaire-et-laser-a-ermont-val-doise-arretez-le-tabac-lalcool-et-le-sucre-avec-des-solutions-naturelles\/","title":{"rendered":"R\u00e9flexologie Auriculaire et Laser \u00e0 Ermont (Val d&rsquo;Oise) \u2013 Arr\u00eatez le Tabac, l&rsquo;Alcool et le Sucre avec des Solutions Naturelles"},"content":{"rendered":"\r\n<div id=\"attachment_10278\" style=\"width: 310px\" class=\"wp-caption alignnone\"><img fetchpriority=\"high\" decoding=\"async\" aria-describedby=\"caption-attachment-10278\" class=\"size-medium wp-image-10278\" src=\"http:\/\/mr-antoine.fr\/wp-content\/uploads\/2024\/09\/Ermont-Laser-Tabac-300x190.jpg\" alt=\"Vue d'Ermont avec ses espaces verts, ses b\u00e2timents r\u00e9sidentiels et ses \u00e9quipements modernes, refl\u00e9tant le dynamisme et la convivialit\u00e9 de la commune\" width=\"300\" height=\"190\" srcset=\"https:\/\/mr-antoine.fr\/wp-content\/uploads\/2024\/09\/Ermont-Laser-Tabac-300x190.jpg 300w, https:\/\/mr-antoine.fr\/wp-content\/uploads\/2024\/09\/Ermont-Laser-Tabac.jpg 750w\" sizes=\"(max-width: 300px) 100vw, 300px\" \/><p id=\"caption-attachment-10278\" class=\"wp-caption-text\"><strong>Ermont<\/strong> : Une ville dynamique et accessible au c\u0153ur du <strong>Val d\u2019Oise<\/strong> &#8211; L&rsquo;id\u00e9al avant ou apr\u00e8s une<strong> s\u00e9ance de r\u00e9flexologie auriculaire<\/strong><\/p><\/div>\r\n<h2 class=\"wp-block-heading\">R\u00e9flexologie Auriculaire et Laser \u00e0 Ermont (Val d&rsquo;Oise) \u2013 Arr\u00eatez le Tabac, l&rsquo;Alcool et le Sucre avec des Solutions Naturelles<\/h2>\r\n\r\n\r\n\r\n<p><strong>Bienvenue chez Monsieur Antoine, votre r\u00e9flexologue auriculaire \u00e0 Ermont, dans le Val d\u2019Oise.<\/strong> Sp\u00e9cialis\u00e9 dans l\u2019accompagnement pour l\u2019<a href=\"https:\/\/mr-antoine.fr\/index.php\/2024\/08\/23\/larret-du-tabac-de-20-minutes-a-20-ans\/\"><strong>arr\u00eat du tabac<\/strong><\/a>, ainsi que la gestion des addictions \u00e0 <a href=\"https:\/\/mr-antoine.fr\/index.php\/2024\/08\/08\/les-effets-de-larret-de-lalcool-une-vie-transformee-et-des-conseils-pour-le-sevrage\/\">l\u2019alcool<\/a> et au<a href=\"https:\/\/mr-antoine.fr\/index.php\/2024\/08\/19\/manger-moins-de-sucre-les-benefices-pour-la-sante-et-le-bien-etre\/\"> sucre<\/a>, je vous propose des solutions naturelles et personnalis\u00e9es gr\u00e2ce \u00e0 la <strong>r\u00e9flexologie auriculaire et au laser<\/strong>.<\/p>\r\n<p>&nbsp;<\/p>\r\n<p>\r\n\r\n<\/p>\r\n<h3 class=\"wp-block-heading\">Ermont : Une Ville Connect\u00e9e et Accueillante<\/h3>\r\n<p>\r\n\r\n<\/p>\r\n<p><strong>Ermont, situ\u00e9e en plein c\u0153ur du Val d\u2019Oise<\/strong>, est une ville dynamique offrant un cadre de vie agr\u00e9able. Avec ses nombreux espaces verts comme le <strong>parc de la Mairie<\/strong> et ses facilit\u00e9s de transport, <strong>Ermont<\/strong> est parfaitement connect\u00e9e \u00e0 Paris tout en conservant une atmosph\u00e8re de petite ville. C\u2019est dans ce contexte id\u00e9al que je propose mes services de<strong> r\u00e9flexologie<\/strong> pour aider les habitants \u00e0 se lib\u00e9rer des d\u00e9pendances.<\/p>\r\n<p>&nbsp;<\/p>\r\n<p>\r\n\r\n<\/p>\r\n<h3 class=\"wp-block-heading\">Arr\u00eater le Tabac, l&rsquo;Alcool et le Sucre \u00e0 Ermont<\/h3>\r\n<p>\r\n\r\n<\/p>\r\n<p>\u00c0<strong> Ermont<\/strong>, <strong>Monsieur Antoine<\/strong> propose des <strong>s\u00e9ances \u00e0 domicile<\/strong> adapt\u00e9es pour :<\/p>\r\n<p>\r\n\r\n<\/p>\r\n<ul class=\"wp-block-list\">\r\n<li><strong>Arr\u00eat du Tabac<\/strong> : La <strong>r\u00e9flexologie auriculaire<\/strong> et le <strong>laser tabac<\/strong> sont des approches naturelles qui aident \u00e0 r\u00e9duire les<a href=\"https:\/\/mr-antoine.fr\/index.php\/2024\/09\/03\/adieu-nicotine-le-guide-ultime-pour-arreter-de-fumer-definitivement\/\"><strong> envies de fumer<\/strong><\/a> et les <strong>sympt\u00f4mes de sevrage<\/strong> en agissant sur des points sp\u00e9cifiques de l\u2019oreille.<\/li>\r\n\r\n\r\n\r\n<li><strong>Gestion de l&rsquo;Alcool<\/strong> : La <strong>r\u00e9flexologie<\/strong> peut \u00e9galement \u00eatre b\u00e9n\u00e9fique pour ceux qui cherchent \u00e0 diminuer leur consommation d\u2019<a href=\"https:\/\/mr-antoine.fr\/index.php\/2024\/09\/03\/sobriete-mentale-le-guide-essentiel-pour-reduire-votre-consommation-dalcool\/\"><strong>alcool<\/strong><\/a>, en aidant \u00e0 g\u00e9rer le stress et l&rsquo;anxi\u00e9t\u00e9 souvent li\u00e9s au <a href=\"https:\/\/mr-antoine.fr\/index.php\/2024\/08\/29\/comment-maintenir-la-motivation-apres-un-sevrage-astuces-et-conseils-pratiques\/\">sevrage<\/a>.<\/li>\r\n\r\n\r\n\r\n<li><strong>R\u00e9duction des Envies de Sucre<\/strong> : Pour ceux qui luttent contre les envies de <a href=\"https:\/\/mr-antoine.fr\/index.php\/2024\/09\/03\/liberez-vous-du-sucre-le-guide-pratique-pour-transformer-votre-vie\/\">sucre<\/a>, la <strong>r\u00e9flexologie auriculaire<\/strong> offre une m\u00e9thode douce et efficace pour r\u00e9duire les <strong>compulsions alimentaires.<\/strong><\/li>\r\n<\/ul>\r\n<p>&nbsp;<\/p>\r\n<p>\r\n\r\n<\/p>\r\n<h3 class=\"wp-block-heading\">Profitez des Atouts d\u2019Ermont<\/h3>\r\n<p>\r\n\r\n<\/p>\r\n<p><strong>Ermont<\/strong> est connue pour ses infrastructures modernes et un engagement associatif reconnu en faveur de la qualit\u00e9 de vie de ses habitants. Apr\u00e8s votre s\u00e9ance, vous pouvez vous d\u00e9tendre dans l&rsquo;un des nombreux parcs de la ville, comme le <strong>parc Beaulieu<\/strong>, ou explorer les boutiques et caf\u00e9s anim\u00e9s du centre-ville.<\/p>\r\n<p>\r\n\r\n<\/p>\r\n<p><strong>Ermont est situ\u00e9 \u00e0 proximit\u00e9 des principaux axes routiers, facilitant l\u2019acc\u00e8s depuis les communes environnantes telles que <a href=\"https:\/\/mr-antoine.fr\/index.php\/reflexologie-auriculaire-et-laser-a-le-plessis-bouchard-val-doise-arretez-le-tabac-lalcool-et-le-sucre-naturellement\/\">le Plessis-Bouchard<\/a>, <a href=\"https:\/\/mr-antoine.fr\/index.php\/reflexologie-auriculaire-et-laser-a-beauchamp-val-doise-arretez-le-tabac-lalcool-et-le-sucre-naturellement\/\">Beauchamp<\/a>, <a href=\"https:\/\/mr-antoine.fr\/index.php\/reflexologie-auriculaire-et-laser-a-sannois-val-doise-arretez-le-tabac-lalcool-et-le-sucre-naturellement\/\">Sannois<\/a>, <a href=\"https:\/\/mr-antoine.fr\/index.php\/reflexologie-auriculaire-et-laser-a-herblay-sur-seine-val-doise-liberez-vous-du-tabac-de-lalcool-et-du-sucre\/\">Herblay<\/a>, <a href=\"https:\/\/mr-antoine.fr\/index.php\/reflexologie-auriculaire-et-laser-a-cormeilles-en-parisis-val-doise-arretez-le-tabac-lalcool-et-le-sucre-naturellement\/\">Cormeilles-en-Parisis<\/a>, <a href=\"https:\/\/mr-antoine.fr\/index.php\/reflexologie-auriculaire-et-laser-a-montigny-les-cormeilles-val-doise-solutions-naturelles-pour-arreter-le-tabac-lalcool-et-le-sucre\/\">Montigny-l\u00e8s-Cormeilles<\/a>, <a href=\"https:\/\/mr-antoine.fr\/index.php\/reflexologie-auriculaire-et-laser-a-pierrelaye-val-doise-arretez-le-tabac-lalcool-et-le-sucre-avec-des-solutions-naturelles\/\">Pierrelaye<\/a>, <a href=\"https:\/\/mr-antoine.fr\/index.php\/reflexologie-auriculaire-et-laser-a-saint-prix-val-doise-arretez-le-tabac-lalcool-et-le-sucre-naturellement\/\">Saint-Prix<\/a>, <a href=\"https:\/\/mr-antoine.fr\/index.php\/reflexologie-auriculaire-et-laser-a-saint-leu-la-foret-val-doise-arretez-le-tabac-lalcool-et-le-sucre-avec-des-solutions-naturelles\/\">Saint-Leu-la-For\u00eat,<\/a> <a href=\"https:\/\/mr-antoine.fr\/index.php\/reflexologie-auriculaire-et-laser-a-taverny-val-doise-arretez-le-tabac-lalcool-et-le-sucre-naturellement\/\">Taverny<\/a>, <a href=\"https:\/\/mr-antoine.fr\/index.php\/reflexologie-auriculaire-et-laser-a-franconville-val-doise-arret-du-tabac-de-lalcool-et-du-sucre\/\">Franconville<\/a>, <a href=\"https:\/\/mr-antoine.fr\/index.php\/reflexologie-auriculaire-et-laser-a-eaubonne-val-doise-solutions-naturelles-pour-arreter-le-tabac-lalcool-et-le-sucre\/\">Eaubonne<\/a>, <a href=\"https:\/\/mr-antoine.fr\/index.php\/reflexologie-auriculaire-et-laser-a-la-frette-sur-seine-val-doise-arretez-le-tabac-lalcool-et-le-sucre-avec-des-solutions-naturelles\/\">la-Frette-sur-Seine<\/a>, <a href=\"https:\/\/mr-antoine.fr\/index.php\/reflexologie-auriculaire-et-laser-a-enghien-les-bains-val-doise-arretez-le-tabac-lalcool-et-le-sucre-avec-des-solutions-naturelles\/\">Enghien-les-Bains<\/a>, <a href=\"https:\/\/mr-antoine.fr\/index.php\/reflexologie-auriculaire-et-laser-a-saint-gratien-val-doise-solutions-naturelles-pour-arreter-le-tabac-lalcool-et-le-sucre\/\">Saint-Gratien<\/a>, <a href=\"https:\/\/mr-antoine.fr\/index.php\/reflexologie-auriculaire-et-laser-a-montmorency-val-doise-arretez-le-tabac-lalcool-et-le-sucre-naturellement\/\">Montmorency<\/a>\u00a0avec des options de stationnement pratique.<\/strong><\/p>\r\n<p>&nbsp;<\/p>\r\n<p>\r\n\r\n<\/p>\r\n<h3 class=\"wp-block-heading\">Prenez Rendez-Vous \u00e0 Ermont<\/h3>\r\n<p>\r\n\r\n<\/p>\r\n<p>Pr\u00eat \u00e0 commencer votre parcours vers un mode de vie plus sain et <strong>sans d\u00e9pendances<\/strong> ? <a href=\"http:\/\/www.mr-antoine.fr\">Contactez-moi<\/a> d\u00e8s aujourd&rsquo;hui sur mon site internet, en DM sur les r\u00e9seaux sociaux ou sur WhatsApp au 07.75.77.32.52 pour planifier votre premi\u00e8re s\u00e9ance de <strong>r\u00e9flexologie auriculaire ou de laser \u00e0 Ermont<\/strong>. Ensemble, nous d\u00e9finirons un programme sur mesure pour atteindre vos objectifs de bien-\u00eatre.<\/p>\r\n<p>&nbsp;<\/p>\r\n<div id=\"attachment_10162\" style=\"width: 201px\" class=\"wp-caption alignnone\"><a href=\"https:\/\/amzn.to\/3XrbEI8\"><img decoding=\"async\" aria-describedby=\"caption-attachment-10162\" class=\"size-medium wp-image-10162\" src=\"http:\/\/mr-antoine.fr\/wp-content\/uploads\/2024\/09\/Couverture-Ebook-Adieu-Nicotine-191x300.jpg\" alt=\"Couverture de l'e-book Adieu Nicotine : Votre guide pour cesser de fumer d\u00e9finitivement - Monsieur Antoine\" width=\"191\" height=\"300\" srcset=\"https:\/\/mr-antoine.fr\/wp-content\/uploads\/2024\/09\/Couverture-Ebook-Adieu-Nicotine-191x300.jpg 191w, https:\/\/mr-antoine.fr\/wp-content\/uploads\/2024\/09\/Couverture-Ebook-Adieu-Nicotine-651x1024.jpg 651w, https:\/\/mr-antoine.fr\/wp-content\/uploads\/2024\/09\/Couverture-Ebook-Adieu-Nicotine-768x1209.jpg 768w, https:\/\/mr-antoine.fr\/wp-content\/uploads\/2024\/09\/Couverture-Ebook-Adieu-Nicotine-976x1536.jpg 976w, https:\/\/mr-antoine.fr\/wp-content\/uploads\/2024\/09\/Couverture-Ebook-Adieu-Nicotine-900x1416.jpg 900w, https:\/\/mr-antoine.fr\/wp-content\/uploads\/2024\/09\/Couverture-Ebook-Adieu-Nicotine.jpg 1058w\" sizes=\"(max-width: 191px) 100vw, 191px\" \/><\/a><p id=\"caption-attachment-10162\" class=\"wp-caption-text\">Lib\u00e9rez-vous du Tabac avec l&rsquo;e-book de Monsieur Antoine : D\u00e9couvrez des techniques naturelles pour arr\u00eater de fumer gr\u00e2ce \u00e0 l&rsquo;auto-hypnose et \u00e0 la r\u00e9flexologie auriculaire. <a href=\"https:\/\/amzn.to\/3XrbEI8\">Achetez maintenant sur Amazon<\/a><\/p><\/div>\r\n<div id=\"attachment_10169\" style=\"width: 202px\" class=\"wp-caption alignnone\"><a href=\"https:\/\/amzn.to\/3Z6nTLm\"><img decoding=\"async\" aria-describedby=\"caption-attachment-10169\" class=\"size-medium wp-image-10169\" src=\"http:\/\/mr-antoine.fr\/wp-content\/uploads\/2024\/09\/Couverture-ebook-liberez-vous-du-sucre-192x300.png\" alt=\"Couverture de l'e-book Lib\u00e9rez-vous du Sucre : Transformez votre Vie avec l'Auto-Hypnose et le Laser - Monsieur Antoine\" width=\"192\" height=\"300\" srcset=\"https:\/\/mr-antoine.fr\/wp-content\/uploads\/2024\/09\/Couverture-ebook-liberez-vous-du-sucre-192x300.png 192w, https:\/\/mr-antoine.fr\/wp-content\/uploads\/2024\/09\/Couverture-ebook-liberez-vous-du-sucre.png 512w\" sizes=\"(max-width: 192px) 100vw, 192px\" \/><\/a><p id=\"caption-attachment-10169\" class=\"wp-caption-text\">Lib\u00e9rez-vous du Sucre avec l&rsquo;e-book de Monsieur Antoine : D\u00e9couvrez comment r\u00e9duire votre consommation de sucre gr\u00e2ce \u00e0 l&rsquo;auto-hypnose et au laser. <a href=\"https:\/\/amzn.to\/3Z6nTLm\">Achetez maintenant sur Amazon<\/a><\/p><\/div>\r\n<div id=\"attachment_10163\" style=\"width: 201px\" class=\"wp-caption alignnone\"><a href=\"https:\/\/amzn.to\/475Nwhv\"><img loading=\"lazy\" decoding=\"async\" aria-describedby=\"caption-attachment-10163\" class=\"size-medium wp-image-10163\" src=\"http:\/\/mr-antoine.fr\/wp-content\/uploads\/2024\/09\/Couverture-Ebook-Sobriete-Mentale-191x300.jpg\" alt=\"Couverture de l'e-book Sobri\u00e9t\u00e9 Mentale : Se passer d'Alcool gr\u00e2ce \u00e0 l'Auto-Hypnose et au Laser - Monsieur Antoine\" width=\"191\" height=\"300\" srcset=\"https:\/\/mr-antoine.fr\/wp-content\/uploads\/2024\/09\/Couverture-Ebook-Sobriete-Mentale-191x300.jpg 191w, https:\/\/mr-antoine.fr\/wp-content\/uploads\/2024\/09\/Couverture-Ebook-Sobriete-Mentale-651x1024.jpg 651w, https:\/\/mr-antoine.fr\/wp-content\/uploads\/2024\/09\/Couverture-Ebook-Sobriete-Mentale-768x1208.jpg 768w, https:\/\/mr-antoine.fr\/wp-content\/uploads\/2024\/09\/Couverture-Ebook-Sobriete-Mentale-976x1536.jpg 976w, https:\/\/mr-antoine.fr\/wp-content\/uploads\/2024\/09\/Couverture-Ebook-Sobriete-Mentale-900x1416.jpg 900w, https:\/\/mr-antoine.fr\/wp-content\/uploads\/2024\/09\/Couverture-Ebook-Sobriete-Mentale.jpg 1055w\" sizes=\"(max-width: 191px) 100vw, 191px\" \/><\/a><p id=\"caption-attachment-10163\" class=\"wp-caption-text\">Sobri\u00e9t\u00e9 Mentale avec l&rsquo;e-book de Monsieur Antoine : Apprenez \u00e0 r\u00e9duire votre consommation d&rsquo;alcool gr\u00e2ce \u00e0 des techniques d&rsquo;auto-hypnose et au laser. <a href=\"https:\/\/amzn.to\/475Nwhv\">Achetez maintenant sur Amazon<\/a><\/p><\/div>\r\n<p><\/p>","protected":false},"excerpt":{"rendered":"<p>R\u00e9flexologie Auriculaire et Laser \u00e0 Ermont (Val d&rsquo;Oise) \u2013 Arr\u00eatez le Tabac, l&rsquo;Alcool et le Sucre avec des Solutions Naturelles Bienvenue chez Monsieur Antoine, votre r\u00e9flexologue auriculaire \u00e0 Ermont, dans le Val d\u2019Oise. Sp\u00e9cialis\u00e9 dans l\u2019accompagnement pour l\u2019arr\u00eat du tabac, ainsi que la gestion des addictions \u00e0 l\u2019alcool et au sucre, je vous propose des&hellip;<\/p>\n","protected":false},"author":1,"featured_media":10278,"parent":0,"menu_order":0,"comment_status":"closed","ping_status":"closed","template":"","meta":{"om_disable_all_campaigns":false,"_monsterinsights_skip_tracking":false,"_monsterinsights_sitenote_active":false,"_monsterinsights_sitenote_note":"","_monsterinsights_sitenote_category":0,"_uf_show_specific_survey":0,"_uf_disable_surveys":false,"footnotes":""},"class_list":["post-10226","page","type-page","status-publish","has-post-thumbnail","hentry","description-off"],"aioseo_notices":[],"jetpack_sharing_enabled":true,"_links":{"self":[{"href":"https:\/\/mr-antoine.fr\/index.php\/wp-json\/wp\/v2\/pages\/10226","targetHints":{"allow":["GET"]}}],"collection":[{"href":"https:\/\/mr-antoine.fr\/index.php\/wp-json\/wp\/v2\/pages"}],"about":[{"href":"https:\/\/mr-antoine.fr\/index.php\/wp-json\/wp\/v2\/types\/page"}],"author":[{"embeddable":true,"href":"https:\/\/mr-antoine.fr\/index.php\/wp-json\/wp\/v2\/users\/1"}],"replies":[{"embeddable":true,"href":"https:\/\/mr-antoine.fr\/index.php\/wp-json\/wp\/v2\/comments?post=10226"}],"version-history":[{"count":9,"href":"https:\/\/mr-antoine.fr\/index.php\/wp-json\/wp\/v2\/pages\/10226\/revisions"}],"predecessor-version":[{"id":10396,"href":"https:\/\/mr-antoine.fr\/index.php\/wp-json\/wp\/v2\/pages\/10226\/revisions\/10396"}],"wp:featuredmedia":[{"embeddable":true,"href":"https:\/\/mr-antoine.fr\/index.php\/wp-json\/wp\/v2\/media\/10278"}],"wp:attachment":[{"href":"https:\/\/mr-antoine.fr\/index.php\/wp-json\/wp\/v2\/media?parent=10226"}],"curies":[{"name":"wp","href":"https:\/\/api.w.org\/{rel}","templated":true}]}}