{"id":10214,"date":"2024-09-04T19:09:43","date_gmt":"2024-09-04T17:09:43","guid":{"rendered":"https:\/\/mr-antoine.fr\/?page_id=10214"},"modified":"2024-09-05T21:48:50","modified_gmt":"2024-09-05T19:48:50","slug":"reflexologie-auriculaire-et-laser-a-le-plessis-bouchard-val-doise-arretez-le-tabac-lalcool-et-le-sucre-naturellement","status":"publish","type":"page","link":"https:\/\/mr-antoine.fr\/index.php\/reflexologie-auriculaire-et-laser-a-le-plessis-bouchard-val-doise-arretez-le-tabac-lalcool-et-le-sucre-naturellement\/","title":{"rendered":"R\u00e9flexologie Auriculaire et Laser \u00e0 Le Plessis-Bouchard (Val d&rsquo;Oise) \u2013 Arr\u00eatez le Tabac, l&rsquo;Alcool et le Sucre Naturellement"},"content":{"rendered":"<div id=\"attachment_10217\" style=\"width: 310px\" class=\"wp-caption alignnone\"><img fetchpriority=\"high\" decoding=\"async\" aria-describedby=\"caption-attachment-10217\" class=\"size-medium wp-image-10217\" src=\"http:\/\/mr-antoine.fr\/wp-content\/uploads\/2024\/09\/plessis-bouchard-laser-tabac--300x239.jpg\" alt=\"Vue de l'all\u00e9e des marronniers au Plessis-Bouchard avec de grands arbres historiques et des espaces verts, refl\u00e9tant le charme et la tranquillit\u00e9 de la commune.\" width=\"300\" height=\"239\" srcset=\"https:\/\/mr-antoine.fr\/wp-content\/uploads\/2024\/09\/plessis-bouchard-laser-tabac--300x239.jpg 300w, https:\/\/mr-antoine.fr\/wp-content\/uploads\/2024\/09\/plessis-bouchard-laser-tabac-.jpg 743w\" sizes=\"(max-width: 300px) 100vw, 300px\" \/><p id=\"caption-attachment-10217\" class=\"wp-caption-text\"><strong>Le Plessis-Bouchard<\/strong> : un cadre de vie agr\u00e9able au coeur du <strong>Val d&rsquo;Oise<\/strong> &#8211; L&rsquo;id\u00e9al avant ou apr\u00e8s une s\u00e9ance de r\u00e9flexologie auriculaire<\/p><\/div>\n<h2>R\u00e9flexologie Auriculaire et Laser \u00e0 Le Plessis-Bouchard (Val d&rsquo;Oise) \u2013 Arr\u00eatez le Tabac, l&rsquo;Alcool et le Sucre Naturellement<\/h2>\n<p><strong>Bienvenue chez MONSIEUR ANTOINE, votre r\u00e9flexologue auriculaire \u00e0 Le Plessis-Bouchard, dans le Val d\u2019Oise.<\/strong> Je vous propose des solutions naturelles et efficaces pour <a href=\"https:\/\/mr-antoine.fr\/index.php\/2024\/08\/23\/larret-du-tabac-de-20-minutes-a-20-ans\/\"><strong>arr\u00eater le tabac<\/strong><\/a> et g\u00e9rer les addictions \u00e0 <strong>l\u2019<a href=\"https:\/\/mr-antoine.fr\/index.php\/2024\/08\/08\/les-effets-de-larret-de-lalcool-une-vie-transformee-et-des-conseils-pour-le-sevrage\/\">alcool<\/a><\/strong> et au<a href=\"https:\/\/mr-antoine.fr\/index.php\/2024\/08\/19\/manger-moins-de-sucre-les-benefices-pour-la-sante-et-le-bien-etre\/\"> <strong>sucre<\/strong><\/a>, gr\u00e2ce \u00e0 la <a href=\"https:\/\/mr-antoine.fr\/index.php\/2024\/08\/14\/lauriculotherapie-pour-traiter-addictions-et-douleurs\/\"><strong>r\u00e9flexologie auriculaire et au laser<\/strong><\/a>.<\/p>\n<p>&nbsp;<\/p>\n<h3>Le Plessis-Bouchard : Un Cadre de Vie Agr\u00e9able et Verdoyant<\/h3>\n<p><strong>Le Plessis-Bouchard<\/strong> est une charmante commune du <strong>Val d\u2019Oise<\/strong>, reconnue pour son cadre de vie calme et ses nombreux espaces verts, tels que le <strong>Parc Yves Carric<\/strong> ou la<strong> coul\u00e9e verte<\/strong>. La ville offre un environnement familial et paisible, id\u00e9al pour entreprendre un parcours de <strong>bien-\u00eatre<\/strong>. Je travaille au c\u0153ur du <strong>Plessis-Bouchard<\/strong>, et vous retrouve dans une ambiance sereine pour vous accompagner vers un <strong>mode de vie sans d\u00e9pendances<\/strong>.<\/p>\n<h4><\/h4>\n<h3>Arr\u00eat du Tabac, de l&rsquo;Alcool et du Sucre \u00e0 Le Plessis-Bouchard<\/h3>\n<p>En pratiquant mon activit\u00e9 \u00e0<strong> Le Plessis-Bouchard<\/strong>, je propose des s\u00e9ances adapt\u00e9es pour :<\/p>\n<ul>\n<li><strong>Arr\u00eat du Tabac<\/strong> : Gr\u00e2ce \u00e0 la<strong> r\u00e9flexologie auriculaire<\/strong> et au <strong>laser tabac<\/strong>, nous pouvons cibler les points r\u00e9flexes de l\u2019oreille pour r\u00e9duire les <a href=\"https:\/\/mr-antoine.fr\/index.php\/2024\/08\/29\/les-techniques-de-relaxation-pour-accompagner-larret-du-tabac\/\">envies de fumer<\/a> et aider \u00e0 surmonter les <a href=\"https:\/\/mr-antoine.fr\/index.php\/2024\/08\/29\/comment-maintenir-la-motivation-apres-un-sevrage-astuces-et-conseils-pratiques\/\">sympt\u00f4mes de sevrage<\/a>.<\/li>\n<li><strong>Gestion de l&rsquo;Alcool<\/strong> : Pour ceux qui souhaitent r\u00e9duire ou stopper leur <a href=\"https:\/\/mr-antoine.fr\/index.php\/2024\/08\/08\/les-effets-de-larret-de-lalcool-une-vie-transformee-et-des-conseils-pour-le-sevrage\/\">consommation d\u2019alcool<\/a>, la <strong>r\u00e9flexologie<\/strong> offre une m\u00e9thode douce pour diminuer les envies et g\u00e9rer les <strong>\u00e9motions li\u00e9es au sevrage<\/strong>.<\/li>\n<li><strong>R\u00e9duction des Envies de Sucre<\/strong> : Les <a href=\"https:\/\/mr-antoine.fr\/index.php\/2024\/08\/19\/manger-moins-de-sucre-les-benefices-pour-la-sante-et-le-bien-etre\/\">envies de sucre<\/a> peuvent \u00eatre g\u00e9r\u00e9es efficacement avec<strong> la r\u00e9flexologie auriculaire<\/strong>, qui aide \u00e0 diminuer les<strong> compulsions alimentaires<\/strong> et \u00e0 mieux <strong>contr\u00f4ler votre alimentation<\/strong>.<\/li>\n<\/ul>\n<h3><\/h3>\n<h3>D\u00e9couvrir Le Plessis-Bouchard<\/h3>\n<p><strong>Le Plessis-Bouchard<\/strong> se distingue par son ambiance conviviale et ses nombreux espaces verts. Apr\u00e8s une s\u00e9ance de <strong>r\u00e9flexologie<\/strong>, profitez d&rsquo;une promenade relaxante dans le <strong>Parc Yves Carric<\/strong> ou explorez les petites boutiques et commerces du centre-ville. La ville offre un environnement parfait pour se d\u00e9tendre et se recentrer sur son <strong>bien-\u00eatre<\/strong>.<\/p>\n<p><strong>La ville est facilement accessible depuis les communes voisines telles que <a href=\"https:\/\/mr-antoine.fr\/index.php\/reflexologie-auriculaire-et-laser-a-le-plessis-bouchard-val-doise-arretez-le-tabac-lalcool-et-le-sucre-naturellement\/\">le Plessis-Bouchard<\/a>, <a href=\"https:\/\/mr-antoine.fr\/index.php\/reflexologie-auriculaire-et-laser-a-beauchamp-val-doise-arretez-le-tabac-lalcool-et-le-sucre-naturellement\/\">Beauchamp<\/a>, <a href=\"https:\/\/mr-antoine.fr\/index.php\/reflexologie-auriculaire-et-laser-a-sannois-val-doise-arretez-le-tabac-lalcool-et-le-sucre-naturellement\/\">Sannois<\/a>, <a href=\"https:\/\/mr-antoine.fr\/index.php\/reflexologie-auriculaire-et-laser-a-herblay-sur-seine-val-doise-liberez-vous-du-tabac-de-lalcool-et-du-sucre\/\">Herblay<\/a>, <a href=\"https:\/\/mr-antoine.fr\/index.php\/reflexologie-auriculaire-et-laser-a-cormeilles-en-parisis-val-doise-arretez-le-tabac-lalcool-et-le-sucre-naturellement\/\">Cormeilles-en-Parisis<\/a>, <a href=\"https:\/\/mr-antoine.fr\/index.php\/reflexologie-auriculaire-et-laser-a-montigny-les-cormeilles-val-doise-solutions-naturelles-pour-arreter-le-tabac-lalcool-et-le-sucre\/\">Montigny-l\u00e8s-Cormeilles<\/a>, <a href=\"https:\/\/mr-antoine.fr\/index.php\/reflexologie-auriculaire-et-laser-a-pierrelaye-val-doise-arretez-le-tabac-lalcool-et-le-sucre-avec-des-solutions-naturelles\/\">Pierrelaye<\/a>, <a href=\"https:\/\/mr-antoine.fr\/index.php\/reflexologie-auriculaire-et-laser-a-saint-prix-val-doise-arretez-le-tabac-lalcool-et-le-sucre-naturellement\/\">Saint-Prix<\/a>, <a href=\"https:\/\/mr-antoine.fr\/index.php\/reflexologie-auriculaire-et-laser-a-saint-leu-la-foret-val-doise-arretez-le-tabac-lalcool-et-le-sucre-avec-des-solutions-naturelles\/\">Saint-Leu-la-For\u00eat,<\/a> <a href=\"https:\/\/mr-antoine.fr\/index.php\/reflexologie-auriculaire-et-laser-a-taverny-val-doise-arretez-le-tabac-lalcool-et-le-sucre-naturellement\/\">Taverny<\/a>, <a href=\"https:\/\/mr-antoine.fr\/index.php\/reflexologie-auriculaire-et-laser-a-franconville-val-doise-arret-du-tabac-de-lalcool-et-du-sucre\/\">Franconville<\/a>, <a href=\"https:\/\/mr-antoine.fr\/index.php\/reflexologie-auriculaire-et-laser-a-eaubonne-val-doise-solutions-naturelles-pour-arreter-le-tabac-lalcool-et-le-sucre\/\">Eaubonne<\/a>, <a href=\"https:\/\/mr-antoine.fr\/index.php\/reflexologie-auriculaire-et-laser-a-ermont-val-doise-arretez-le-tabac-lalcool-et-le-sucre-avec-des-solutions-naturelles\/\">Ermont<\/a>, <a href=\"https:\/\/mr-antoine.fr\/index.php\/reflexologie-auriculaire-et-laser-a-la-frette-sur-seine-val-doise-arretez-le-tabac-lalcool-et-le-sucre-avec-des-solutions-naturelles\/\">la-Frette-sur-Seine<\/a>, <a href=\"https:\/\/mr-antoine.fr\/index.php\/reflexologie-auriculaire-et-laser-a-enghien-les-bains-val-doise-arretez-le-tabac-lalcool-et-le-sucre-avec-des-solutions-naturelles\/\">Enghien-les-Bains<\/a>, <a href=\"https:\/\/mr-antoine.fr\/index.php\/reflexologie-auriculaire-et-laser-a-saint-gratien-val-doise-solutions-naturelles-pour-arreter-le-tabac-lalcool-et-le-sucre\/\">Saint-Gratien<\/a>, <a href=\"https:\/\/mr-antoine.fr\/index.php\/reflexologie-auriculaire-et-laser-a-montmorency-val-doise-arretez-le-tabac-lalcool-et-le-sucre-naturellement\/\">Montmorency<\/a> <\/strong><strong>avec des options de stationnement \u00e0 proximit\u00e9 pour faciliter votre visite.<\/strong><\/p>\n<h3><\/h3>\n<h3>Prenez Rendez-Vous \u00e0 Le Plessis-Bouchard<\/h3>\n<p>Pr\u00eat \u00e0 faire un pas vers une vie <strong>lib\u00e9r\u00e9e des d\u00e9pendances<\/strong> ? <a href=\"http:\/\/www.mr-antoine.fr\">Contactez-moi<\/a> d\u00e8s aujourd&rsquo;hui pour <strong>prendre rendez-vous \u00e0 Le Plessis-Bouchard<\/strong>. Ensemble, nous \u00e9tablirons un programme personnalis\u00e9 pour vous aider \u00e0 <strong>arr\u00eater de fumer<\/strong>, de boire de l&rsquo;<strong>alcool<\/strong> ou de consommer du <strong>sucre<\/strong>. Contactez moi par mail via la <strong>page contact<\/strong> de ce site, en DM sur les<strong> r\u00e9seaux sociaux<\/strong> ou sur WhatsApp au 07.75.77.32.52.<\/p>\n<div id=\"attachment_10162\" style=\"width: 201px\" class=\"wp-caption alignnone\"><a href=\"https:\/\/amzn.to\/3XrbEI8\"><img decoding=\"async\" aria-describedby=\"caption-attachment-10162\" class=\"size-medium wp-image-10162\" src=\"http:\/\/mr-antoine.fr\/wp-content\/uploads\/2024\/09\/Couverture-Ebook-Adieu-Nicotine-191x300.jpg\" alt=\"Couverture de l'e-book Adieu Nicotine : Votre guide pour cesser de fumer d\u00e9finitivement - Monsieur Antoine\" width=\"191\" height=\"300\" srcset=\"https:\/\/mr-antoine.fr\/wp-content\/uploads\/2024\/09\/Couverture-Ebook-Adieu-Nicotine-191x300.jpg 191w, https:\/\/mr-antoine.fr\/wp-content\/uploads\/2024\/09\/Couverture-Ebook-Adieu-Nicotine-651x1024.jpg 651w, https:\/\/mr-antoine.fr\/wp-content\/uploads\/2024\/09\/Couverture-Ebook-Adieu-Nicotine-768x1209.jpg 768w, https:\/\/mr-antoine.fr\/wp-content\/uploads\/2024\/09\/Couverture-Ebook-Adieu-Nicotine-976x1536.jpg 976w, https:\/\/mr-antoine.fr\/wp-content\/uploads\/2024\/09\/Couverture-Ebook-Adieu-Nicotine-900x1416.jpg 900w, https:\/\/mr-antoine.fr\/wp-content\/uploads\/2024\/09\/Couverture-Ebook-Adieu-Nicotine.jpg 1058w\" sizes=\"(max-width: 191px) 100vw, 191px\" \/><\/a><p id=\"caption-attachment-10162\" class=\"wp-caption-text\">Lib\u00e9rez-vous du Tabac avec l&rsquo;e-book de Monsieur Antoine : D\u00e9couvrez des techniques naturelles pour arr\u00eater de fumer gr\u00e2ce \u00e0 l&rsquo;auto-hypnose et \u00e0 la r\u00e9flexologie auriculaire. <a href=\"https:\/\/amzn.to\/3XrbEI8\">Achetez maintenant sur Amazon<\/a><\/p><\/div>\n<div id=\"attachment_10163\" style=\"width: 201px\" class=\"wp-caption alignnone\"><a href=\"https:\/\/amzn.to\/475Nwhv\"><img decoding=\"async\" aria-describedby=\"caption-attachment-10163\" class=\"size-medium wp-image-10163\" src=\"http:\/\/mr-antoine.fr\/wp-content\/uploads\/2024\/09\/Couverture-Ebook-Sobriete-Mentale-191x300.jpg\" alt=\"Couverture de l'e-book Sobri\u00e9t\u00e9 Mentale : Se passer d'Alcool gr\u00e2ce \u00e0 l'Auto-Hypnose et au Laser - Monsieur Antoine\" width=\"191\" height=\"300\" srcset=\"https:\/\/mr-antoine.fr\/wp-content\/uploads\/2024\/09\/Couverture-Ebook-Sobriete-Mentale-191x300.jpg 191w, https:\/\/mr-antoine.fr\/wp-content\/uploads\/2024\/09\/Couverture-Ebook-Sobriete-Mentale-651x1024.jpg 651w, https:\/\/mr-antoine.fr\/wp-content\/uploads\/2024\/09\/Couverture-Ebook-Sobriete-Mentale-768x1208.jpg 768w, https:\/\/mr-antoine.fr\/wp-content\/uploads\/2024\/09\/Couverture-Ebook-Sobriete-Mentale-976x1536.jpg 976w, https:\/\/mr-antoine.fr\/wp-content\/uploads\/2024\/09\/Couverture-Ebook-Sobriete-Mentale-900x1416.jpg 900w, https:\/\/mr-antoine.fr\/wp-content\/uploads\/2024\/09\/Couverture-Ebook-Sobriete-Mentale.jpg 1055w\" sizes=\"(max-width: 191px) 100vw, 191px\" \/><\/a><p id=\"caption-attachment-10163\" class=\"wp-caption-text\">Sobri\u00e9t\u00e9 Mentale avec l&rsquo;e-book de Monsieur Antoine : Apprenez \u00e0 r\u00e9duire votre consommation d&rsquo;alcool gr\u00e2ce \u00e0 des techniques d&rsquo;auto-hypnose et au laser. <a href=\"https:\/\/amzn.to\/475Nwhv\">Achetez maintenant sur Amazon<\/a><\/p><\/div>\n<div id=\"attachment_10169\" style=\"width: 202px\" class=\"wp-caption alignnone\"><a href=\"https:\/\/amzn.to\/3Z6nTLm\"><img loading=\"lazy\" decoding=\"async\" aria-describedby=\"caption-attachment-10169\" class=\"size-medium wp-image-10169\" src=\"http:\/\/mr-antoine.fr\/wp-content\/uploads\/2024\/09\/Couverture-ebook-liberez-vous-du-sucre-192x300.png\" alt=\"Couverture de l'e-book Lib\u00e9rez-vous du Sucre : Transformez votre Vie avec l'Auto-Hypnose et le Laser - Monsieur Antoine\" width=\"192\" height=\"300\" srcset=\"https:\/\/mr-antoine.fr\/wp-content\/uploads\/2024\/09\/Couverture-ebook-liberez-vous-du-sucre-192x300.png 192w, https:\/\/mr-antoine.fr\/wp-content\/uploads\/2024\/09\/Couverture-ebook-liberez-vous-du-sucre.png 512w\" sizes=\"(max-width: 192px) 100vw, 192px\" \/><\/a><p id=\"caption-attachment-10169\" class=\"wp-caption-text\">Lib\u00e9rez-vous du Sucre avec l&rsquo;e-book de Monsieur Antoine : D\u00e9couvrez comment r\u00e9duire votre consommation de sucre gr\u00e2ce \u00e0 l&rsquo;auto-hypnose et au laser. <a href=\"https:\/\/amzn.to\/3Z6nTLm\">Achetez maintenant sur Amazon<\/a><\/p><\/div>\n","protected":false},"excerpt":{"rendered":"<p>R\u00e9flexologie Auriculaire et Laser \u00e0 Le Plessis-Bouchard (Val d&rsquo;Oise) \u2013 Arr\u00eatez le Tabac, l&rsquo;Alcool et le Sucre Naturellement Bienvenue chez MONSIEUR ANTOINE, votre r\u00e9flexologue auriculaire \u00e0 Le Plessis-Bouchard, dans le Val d\u2019Oise. Je vous propose des solutions naturelles et efficaces pour arr\u00eater le tabac et g\u00e9rer les addictions \u00e0 l\u2019alcool et au sucre, gr\u00e2ce \u00e0&hellip;<\/p>\n","protected":false},"author":1,"featured_media":10217,"parent":0,"menu_order":0,"comment_status":"closed","ping_status":"closed","template":"","meta":{"om_disable_all_campaigns":false,"_monsterinsights_skip_tracking":false,"_monsterinsights_sitenote_active":false,"_monsterinsights_sitenote_note":"","_monsterinsights_sitenote_category":0,"_uf_show_specific_survey":0,"_uf_disable_surveys":false,"footnotes":""},"class_list":["post-10214","page","type-page","status-publish","has-post-thumbnail","hentry","description-off"],"aioseo_notices":[],"jetpack_sharing_enabled":true,"_links":{"self":[{"href":"https:\/\/mr-antoine.fr\/index.php\/wp-json\/wp\/v2\/pages\/10214","targetHints":{"allow":["GET"]}}],"collection":[{"href":"https:\/\/mr-antoine.fr\/index.php\/wp-json\/wp\/v2\/pages"}],"about":[{"href":"https:\/\/mr-antoine.fr\/index.php\/wp-json\/wp\/v2\/types\/page"}],"author":[{"embeddable":true,"href":"https:\/\/mr-antoine.fr\/index.php\/wp-json\/wp\/v2\/users\/1"}],"replies":[{"embeddable":true,"href":"https:\/\/mr-antoine.fr\/index.php\/wp-json\/wp\/v2\/comments?post=10214"}],"version-history":[{"count":6,"href":"https:\/\/mr-antoine.fr\/index.php\/wp-json\/wp\/v2\/pages\/10214\/revisions"}],"predecessor-version":[{"id":10349,"href":"https:\/\/mr-antoine.fr\/index.php\/wp-json\/wp\/v2\/pages\/10214\/revisions\/10349"}],"wp:featuredmedia":[{"embeddable":true,"href":"https:\/\/mr-antoine.fr\/index.php\/wp-json\/wp\/v2\/media\/10217"}],"wp:attachment":[{"href":"https:\/\/mr-antoine.fr\/index.php\/wp-json\/wp\/v2\/media?parent=10214"}],"curies":[{"name":"wp","href":"https:\/\/api.w.org\/{rel}","templated":true}]}}